{"id":1212,"date":"2016-06-14T19:50:04","date_gmt":"2016-06-14T17:50:04","guid":{"rendered":"https:\/\/www.artkalia.com\/product\/kalis-mood-2\/"},"modified":"2016-06-14T19:50:04","modified_gmt":"2016-06-14T17:50:04","slug":"kalis-mood-2","status":"publish","type":"product","link":"https:\/\/www.artkalia.com\/fr\/produit\/kalis-mood-2\/","title":{"rendered":"Kalis Mood"},"content":{"rendered":"<p>Le Kalis Mood apporte une touche apaisante dans vos pi\u00e8ces avec ses motifs contemporains grav\u00e9s sur une forme carr\u00e9e en acier inoxydable. Il est \u00e9galement un ajout parfait \u00e0 votre d\u00e9coration de table.<\/p>\n","protected":false},"excerpt":{"rendered":"<p>Le Kalis Mood apporte une touche apaisante dans vos pi\u00e8ces avec ses motifs contemporains grav\u00e9s sur une forme carr\u00e9e en acier inoxydable. Il est \u00e9galement un ajout parfait \u00e0 votre d\u00e9coration de table.<\/p>\n","protected":false},"featured_media":1218,"comment_status":"open","ping_status":"closed","template":"","meta":{"content-type":"","_monsterinsights_skip_tracking":false,"_monsterinsights_sitenote_active":false,"_monsterinsights_sitenote_note":"","_monsterinsights_sitenote_category":0,"jetpack_post_was_ever_published":false,"jetpack_publicize_message":"","jetpack_publicize_feature_enabled":true,"jetpack_social_post_already_shared":true,"jetpack_social_options":{"image_generator_settings":{"template":"highway","default_image_id":0,"font":"","enabled":false},"version":2}},"product_brand":[],"product_cat":[90,86],"product_tag":[116],"class_list":{"0":"post-1212","1":"product","2":"type-product","3":"status-publish","4":"has-post-thumbnail","6":"product_cat-lampes-de-table","7":"product_cat-categories-fr","8":"product_tag-kalis-mood-fr","10":"first","11":"instock","12":"shipping-taxable","13":"product-type-simple"},"yoast_head":"<!-- This site is optimized with the Yoast SEO plugin v27.5 - https:\/\/yoast.com\/product\/yoast-seo-wordpress\/ -->\n<title>Kalis Mood - Artkalia<\/title>\n<meta name=\"robots\" content=\"index, follow, max-snippet:-1, max-image-preview:large, max-video-preview:-1\" \/>\n<link rel=\"canonical\" href=\"https:\/\/www.artkalia.com\/fr\/produit\/kalis-mood-2\/\" \/>\n<meta property=\"og:locale\" content=\"fr_FR\" \/>\n<meta property=\"og:type\" content=\"article\" \/>\n<meta property=\"og:title\" content=\"Kalis Mood - Artkalia\" \/>\n<meta property=\"og:description\" content=\"Le Kalis Mood apporte une touche apaisante dans vos pi\u00e8ces avec ses motifs contemporains grav\u00e9s sur une forme carr\u00e9e en acier inoxydable. Il est \u00e9galement un ajout parfait \u00e0 votre d\u00e9coration de table.\" \/>\n<meta property=\"og:url\" content=\"https:\/\/www.artkalia.com\/fr\/produit\/kalis-mood-2\/\" \/>\n<meta property=\"og:site_name\" content=\"Artkalia\" \/>\n<meta property=\"article:publisher\" content=\"https:\/\/www.facebook.com\/Artkalia-153361891354694\/\" \/>\n<meta property=\"og:image\" content=\"https:\/\/www.artkalia.com\/wp-content\/uploads\/sites\/39\/2016\/06\/Kalis-Mood_02-2.png\" \/>\n\t<meta property=\"og:image:width\" content=\"1900\" \/>\n\t<meta property=\"og:image:height\" content=\"1235\" \/>\n\t<meta property=\"og:image:type\" content=\"image\/png\" \/>\n<meta name=\"twitter:card\" content=\"summary_large_image\" \/>\n<meta name=\"twitter:site\" content=\"@Artkalia_USA\" \/>\n<script type=\"application\/ld+json\" class=\"yoast-schema-graph\">{\"@context\":\"https:\\\/\\\/schema.org\",\"@graph\":[{\"@type\":\"WebPage\",\"@id\":\"https:\\\/\\\/www.artkalia.com\\\/fr\\\/produit\\\/kalis-mood-2\\\/\",\"url\":\"https:\\\/\\\/www.artkalia.com\\\/fr\\\/produit\\\/kalis-mood-2\\\/\",\"name\":\"Kalis Mood - Artkalia\",\"isPartOf\":{\"@id\":\"https:\\\/\\\/www.artkalia.com\\\/#website\"},\"primaryImageOfPage\":{\"@id\":\"https:\\\/\\\/www.artkalia.com\\\/fr\\\/produit\\\/kalis-mood-2\\\/#primaryimage\"},\"image\":{\"@id\":\"https:\\\/\\\/www.artkalia.com\\\/fr\\\/produit\\\/kalis-mood-2\\\/#primaryimage\"},\"thumbnailUrl\":\"https:\\\/\\\/www.artkalia.com\\\/wp-content\\\/uploads\\\/sites\\\/39\\\/2016\\\/06\\\/Kalis-Mood_02-2.png\",\"datePublished\":\"2016-06-14T17:50:04+00:00\",\"breadcrumb\":{\"@id\":\"https:\\\/\\\/www.artkalia.com\\\/fr\\\/produit\\\/kalis-mood-2\\\/#breadcrumb\"},\"inLanguage\":\"fr-FR\",\"potentialAction\":[{\"@type\":\"ReadAction\",\"target\":[\"https:\\\/\\\/www.artkalia.com\\\/fr\\\/produit\\\/kalis-mood-2\\\/\"]}]},{\"@type\":\"ImageObject\",\"inLanguage\":\"fr-FR\",\"@id\":\"https:\\\/\\\/www.artkalia.com\\\/fr\\\/produit\\\/kalis-mood-2\\\/#primaryimage\",\"url\":\"https:\\\/\\\/www.artkalia.com\\\/wp-content\\\/uploads\\\/sites\\\/39\\\/2016\\\/06\\\/Kalis-Mood_02-2.png\",\"contentUrl\":\"https:\\\/\\\/www.artkalia.com\\\/wp-content\\\/uploads\\\/sites\\\/39\\\/2016\\\/06\\\/Kalis-Mood_02-2.png\",\"width\":1900,\"height\":1235,\"caption\":\"Kalis Mood-Artkalia LED Table Lamp_03\"},{\"@type\":\"BreadcrumbList\",\"@id\":\"https:\\\/\\\/www.artkalia.com\\\/fr\\\/produit\\\/kalis-mood-2\\\/#breadcrumb\",\"itemListElement\":[{\"@type\":\"ListItem\",\"position\":1,\"name\":\"Accueil\",\"item\":\"https:\\\/\\\/www.artkalia.com\\\/fr\\\/\"},{\"@type\":\"ListItem\",\"position\":2,\"name\":\"Boutique\",\"item\":\"https:\\\/\\\/www.artkalia.com\\\/fr\\\/boutique-2\\\/\"},{\"@type\":\"ListItem\",\"position\":3,\"name\":\"Kalis Mood\"}]},{\"@type\":\"WebSite\",\"@id\":\"https:\\\/\\\/www.artkalia.com\\\/#website\",\"url\":\"https:\\\/\\\/www.artkalia.com\\\/\",\"name\":\"Artkalia\",\"description\":\"Artkalia\",\"publisher\":{\"@id\":\"https:\\\/\\\/www.artkalia.com\\\/#organization\"},\"potentialAction\":[{\"@type\":\"SearchAction\",\"target\":{\"@type\":\"EntryPoint\",\"urlTemplate\":\"https:\\\/\\\/www.artkalia.com\\\/?s={search_term_string}\"},\"query-input\":{\"@type\":\"PropertyValueSpecification\",\"valueRequired\":true,\"valueName\":\"search_term_string\"}}],\"inLanguage\":\"fr-FR\"},{\"@type\":\"Organization\",\"@id\":\"https:\\\/\\\/www.artkalia.com\\\/#organization\",\"name\":\"Artkalia\",\"url\":\"https:\\\/\\\/www.artkalia.com\\\/\",\"logo\":{\"@type\":\"ImageObject\",\"inLanguage\":\"fr-FR\",\"@id\":\"https:\\\/\\\/www.artkalia.com\\\/#\\\/schema\\\/logo\\\/image\\\/\",\"url\":\"https:\\\/\\\/www.artkalia.com\\\/wp-content\\\/uploads\\\/sites\\\/39\\\/2016\\\/05\\\/artkalia-construction-page.gif\",\"contentUrl\":\"https:\\\/\\\/www.artkalia.com\\\/wp-content\\\/uploads\\\/sites\\\/39\\\/2016\\\/05\\\/artkalia-construction-page.gif\",\"width\":630,\"height\":282,\"caption\":\"Artkalia\"},\"image\":{\"@id\":\"https:\\\/\\\/www.artkalia.com\\\/#\\\/schema\\\/logo\\\/image\\\/\"},\"sameAs\":[\"https:\\\/\\\/www.facebook.com\\\/Artkalia-153361891354694\\\/\",\"https:\\\/\\\/x.com\\\/Artkalia_USA\"]}]}<\/script>\n<!-- \/ Yoast SEO plugin. -->","yoast_head_json":{"title":"Kalis Mood - Artkalia","robots":{"index":"index","follow":"follow","max-snippet":"max-snippet:-1","max-image-preview":"max-image-preview:large","max-video-preview":"max-video-preview:-1"},"canonical":"https:\/\/www.artkalia.com\/fr\/produit\/kalis-mood-2\/","og_locale":"fr_FR","og_type":"article","og_title":"Kalis Mood - Artkalia","og_description":"Le Kalis Mood apporte une touche apaisante dans vos pi\u00e8ces avec ses motifs contemporains grav\u00e9s sur une forme carr\u00e9e en acier inoxydable. Il est \u00e9galement un ajout parfait \u00e0 votre d\u00e9coration de table.","og_url":"https:\/\/www.artkalia.com\/fr\/produit\/kalis-mood-2\/","og_site_name":"Artkalia","article_publisher":"https:\/\/www.facebook.com\/Artkalia-153361891354694\/","og_image":[{"width":1900,"height":1235,"url":"https:\/\/www.artkalia.com\/wp-content\/uploads\/sites\/39\/2016\/06\/Kalis-Mood_02-2.png","type":"image\/png"}],"twitter_card":"summary_large_image","twitter_site":"@Artkalia_USA","schema":{"@context":"https:\/\/schema.org","@graph":[{"@type":"WebPage","@id":"https:\/\/www.artkalia.com\/fr\/produit\/kalis-mood-2\/","url":"https:\/\/www.artkalia.com\/fr\/produit\/kalis-mood-2\/","name":"Kalis Mood - Artkalia","isPartOf":{"@id":"https:\/\/www.artkalia.com\/#website"},"primaryImageOfPage":{"@id":"https:\/\/www.artkalia.com\/fr\/produit\/kalis-mood-2\/#primaryimage"},"image":{"@id":"https:\/\/www.artkalia.com\/fr\/produit\/kalis-mood-2\/#primaryimage"},"thumbnailUrl":"https:\/\/www.artkalia.com\/wp-content\/uploads\/sites\/39\/2016\/06\/Kalis-Mood_02-2.png","datePublished":"2016-06-14T17:50:04+00:00","breadcrumb":{"@id":"https:\/\/www.artkalia.com\/fr\/produit\/kalis-mood-2\/#breadcrumb"},"inLanguage":"fr-FR","potentialAction":[{"@type":"ReadAction","target":["https:\/\/www.artkalia.com\/fr\/produit\/kalis-mood-2\/"]}]},{"@type":"ImageObject","inLanguage":"fr-FR","@id":"https:\/\/www.artkalia.com\/fr\/produit\/kalis-mood-2\/#primaryimage","url":"https:\/\/www.artkalia.com\/wp-content\/uploads\/sites\/39\/2016\/06\/Kalis-Mood_02-2.png","contentUrl":"https:\/\/www.artkalia.com\/wp-content\/uploads\/sites\/39\/2016\/06\/Kalis-Mood_02-2.png","width":1900,"height":1235,"caption":"Kalis Mood-Artkalia LED Table Lamp_03"},{"@type":"BreadcrumbList","@id":"https:\/\/www.artkalia.com\/fr\/produit\/kalis-mood-2\/#breadcrumb","itemListElement":[{"@type":"ListItem","position":1,"name":"Accueil","item":"https:\/\/www.artkalia.com\/fr\/"},{"@type":"ListItem","position":2,"name":"Boutique","item":"https:\/\/www.artkalia.com\/fr\/boutique-2\/"},{"@type":"ListItem","position":3,"name":"Kalis Mood"}]},{"@type":"WebSite","@id":"https:\/\/www.artkalia.com\/#website","url":"https:\/\/www.artkalia.com\/","name":"Artkalia","description":"Artkalia","publisher":{"@id":"https:\/\/www.artkalia.com\/#organization"},"potentialAction":[{"@type":"SearchAction","target":{"@type":"EntryPoint","urlTemplate":"https:\/\/www.artkalia.com\/?s={search_term_string}"},"query-input":{"@type":"PropertyValueSpecification","valueRequired":true,"valueName":"search_term_string"}}],"inLanguage":"fr-FR"},{"@type":"Organization","@id":"https:\/\/www.artkalia.com\/#organization","name":"Artkalia","url":"https:\/\/www.artkalia.com\/","logo":{"@type":"ImageObject","inLanguage":"fr-FR","@id":"https:\/\/www.artkalia.com\/#\/schema\/logo\/image\/","url":"https:\/\/www.artkalia.com\/wp-content\/uploads\/sites\/39\/2016\/05\/artkalia-construction-page.gif","contentUrl":"https:\/\/www.artkalia.com\/wp-content\/uploads\/sites\/39\/2016\/05\/artkalia-construction-page.gif","width":630,"height":282,"caption":"Artkalia"},"image":{"@id":"https:\/\/www.artkalia.com\/#\/schema\/logo\/image\/"},"sameAs":["https:\/\/www.facebook.com\/Artkalia-153361891354694\/","https:\/\/x.com\/Artkalia_USA"]}]}},"jetpack_publicize_connections":[],"jetpack_sharing_enabled":true,"_links":{"self":[{"href":"https:\/\/www.artkalia.com\/fr\/wp-json\/wp\/v2\/product\/1212","targetHints":{"allow":["GET"]}}],"collection":[{"href":"https:\/\/www.artkalia.com\/fr\/wp-json\/wp\/v2\/product"}],"about":[{"href":"https:\/\/www.artkalia.com\/fr\/wp-json\/wp\/v2\/types\/product"}],"replies":[{"embeddable":true,"href":"https:\/\/www.artkalia.com\/fr\/wp-json\/wp\/v2\/comments?post=1212"}],"wp:featuredmedia":[{"embeddable":true,"href":"https:\/\/www.artkalia.com\/fr\/wp-json\/wp\/v2\/media\/1218"}],"wp:attachment":[{"href":"https:\/\/www.artkalia.com\/fr\/wp-json\/wp\/v2\/media?parent=1212"}],"wp:term":[{"taxonomy":"product_brand","embeddable":true,"href":"https:\/\/www.artkalia.com\/fr\/wp-json\/wp\/v2\/product_brand?post=1212"},{"taxonomy":"product_cat","embeddable":true,"href":"https:\/\/www.artkalia.com\/fr\/wp-json\/wp\/v2\/product_cat?post=1212"},{"taxonomy":"product_tag","embeddable":true,"href":"https:\/\/www.artkalia.com\/fr\/wp-json\/wp\/v2\/product_tag?post=1212"}],"curies":[{"name":"wp","href":"https:\/\/api.w.org\/{rel}","templated":true}]}}