{"id":1162,"date":"2016-06-13T23:01:33","date_gmt":"2016-06-13T21:01:33","guid":{"rendered":"https:\/\/www.artkalia.com\/product\/eggy-2\/"},"modified":"2016-06-13T23:01:33","modified_gmt":"2016-06-13T21:01:33","slug":"eggy-2","status":"publish","type":"product","link":"https:\/\/www.artkalia.com\/fr\/produit\/eggy-2\/","title":{"rendered":"Eggy"},"content":{"rendered":"<p>A la fois amusant et \u00e9l\u00e9gant, le Eggy est une petite lumi\u00e8re d\u2019ambiance qui mettra en valeur vos diners et soir\u00e9es festives ou plus intimes, que ce soit \u00e0 l\u2019int\u00e9rieur ou l\u2019ext\u00e9rieur. La forme agr\u00e9ablement douce est faite \u00e0 partir de poly\u00e9thyl\u00e8ne; un mat\u00e9riau durable et optimal pour la diffusion des couleurs et effets choisis.<\/p>\n","protected":false},"excerpt":{"rendered":"<p>A la fois amusant et \u00e9l\u00e9gant, le Eggy est une petite lumi\u00e8re d\u2019ambiance qui mettra en valeur vos diners et soir\u00e9es festives ou plus intimes, que ce soit \u00e0 l\u2019int\u00e9rieur ou l\u2019ext\u00e9rieur. La forme agr\u00e9ablement douce est faite \u00e0 partir de poly\u00e9thyl\u00e8ne; un mat\u00e9riau durable et optimal pour la diffusion des couleurs et effets choisis.<\/p>\n","protected":false},"featured_media":1166,"comment_status":"open","ping_status":"closed","template":"","meta":{"content-type":"","_monsterinsights_skip_tracking":false,"_monsterinsights_sitenote_active":false,"_monsterinsights_sitenote_note":"","_monsterinsights_sitenote_category":0,"jetpack_post_was_ever_published":false,"jetpack_publicize_message":"","jetpack_publicize_feature_enabled":true,"jetpack_social_post_already_shared":true,"jetpack_social_options":{"image_generator_settings":{"template":"highway","default_image_id":0,"font":"","enabled":false},"version":2}},"product_brand":[],"product_cat":[90,86],"product_tag":[110],"class_list":{"0":"post-1162","1":"product","2":"type-product","3":"status-publish","4":"has-post-thumbnail","6":"product_cat-lampes-de-table","7":"product_cat-categories-fr","8":"product_tag-eggy-fr","10":"first","11":"instock","12":"shipping-taxable","13":"product-type-simple"},"yoast_head":"<!-- This site is optimized with the Yoast SEO plugin v27.5 - https:\/\/yoast.com\/product\/yoast-seo-wordpress\/ -->\n<title>Eggy - Artkalia<\/title>\n<meta name=\"robots\" content=\"index, follow, max-snippet:-1, max-image-preview:large, max-video-preview:-1\" \/>\n<link rel=\"canonical\" href=\"https:\/\/www.artkalia.com\/fr\/produit\/eggy-2\/\" \/>\n<meta property=\"og:locale\" content=\"fr_FR\" \/>\n<meta property=\"og:type\" content=\"article\" \/>\n<meta property=\"og:title\" content=\"Eggy - Artkalia\" \/>\n<meta property=\"og:description\" content=\"A la fois amusant et \u00e9l\u00e9gant, le Eggy est une petite lumi\u00e8re d\u2019ambiance qui mettra en valeur vos diners et soir\u00e9es festives ou plus intimes, que ce soit \u00e0 l\u2019int\u00e9rieur ou l\u2019ext\u00e9rieur. La forme agr\u00e9ablement douce est faite \u00e0 partir de poly\u00e9thyl\u00e8ne; un mat\u00e9riau durable et optimal pour la diffusion des couleurs et effets choisis.\" \/>\n<meta property=\"og:url\" content=\"https:\/\/www.artkalia.com\/fr\/produit\/eggy-2\/\" \/>\n<meta property=\"og:site_name\" content=\"Artkalia\" \/>\n<meta property=\"article:publisher\" content=\"https:\/\/www.facebook.com\/Artkalia-153361891354694\/\" \/>\n<meta property=\"og:image\" content=\"https:\/\/www.artkalia.com\/wp-content\/uploads\/sites\/39\/2016\/06\/IMG00882-20121206-1701-R.jpg\" \/>\n\t<meta property=\"og:image:width\" content=\"600\" \/>\n\t<meta property=\"og:image:height\" content=\"450\" \/>\n\t<meta property=\"og:image:type\" content=\"image\/jpeg\" \/>\n<meta name=\"twitter:card\" content=\"summary_large_image\" \/>\n<meta name=\"twitter:site\" content=\"@Artkalia_USA\" \/>\n<script type=\"application\/ld+json\" class=\"yoast-schema-graph\">{\"@context\":\"https:\\\/\\\/schema.org\",\"@graph\":[{\"@type\":\"WebPage\",\"@id\":\"https:\\\/\\\/www.artkalia.com\\\/fr\\\/produit\\\/eggy-2\\\/\",\"url\":\"https:\\\/\\\/www.artkalia.com\\\/fr\\\/produit\\\/eggy-2\\\/\",\"name\":\"Eggy - Artkalia\",\"isPartOf\":{\"@id\":\"https:\\\/\\\/www.artkalia.com\\\/#website\"},\"primaryImageOfPage\":{\"@id\":\"https:\\\/\\\/www.artkalia.com\\\/fr\\\/produit\\\/eggy-2\\\/#primaryimage\"},\"image\":{\"@id\":\"https:\\\/\\\/www.artkalia.com\\\/fr\\\/produit\\\/eggy-2\\\/#primaryimage\"},\"thumbnailUrl\":\"https:\\\/\\\/www.artkalia.com\\\/wp-content\\\/uploads\\\/sites\\\/39\\\/2016\\\/06\\\/IMG00882-20121206-1701-R.jpg\",\"datePublished\":\"2016-06-13T21:01:33+00:00\",\"breadcrumb\":{\"@id\":\"https:\\\/\\\/www.artkalia.com\\\/fr\\\/produit\\\/eggy-2\\\/#breadcrumb\"},\"inLanguage\":\"fr-FR\",\"potentialAction\":[{\"@type\":\"ReadAction\",\"target\":[\"https:\\\/\\\/www.artkalia.com\\\/fr\\\/produit\\\/eggy-2\\\/\"]}]},{\"@type\":\"ImageObject\",\"inLanguage\":\"fr-FR\",\"@id\":\"https:\\\/\\\/www.artkalia.com\\\/fr\\\/produit\\\/eggy-2\\\/#primaryimage\",\"url\":\"https:\\\/\\\/www.artkalia.com\\\/wp-content\\\/uploads\\\/sites\\\/39\\\/2016\\\/06\\\/IMG00882-20121206-1701-R.jpg\",\"contentUrl\":\"https:\\\/\\\/www.artkalia.com\\\/wp-content\\\/uploads\\\/sites\\\/39\\\/2016\\\/06\\\/IMG00882-20121206-1701-R.jpg\",\"width\":600,\"height\":450,\"caption\":\"Eggy-Artkalia LED Table Lamp_04\"},{\"@type\":\"BreadcrumbList\",\"@id\":\"https:\\\/\\\/www.artkalia.com\\\/fr\\\/produit\\\/eggy-2\\\/#breadcrumb\",\"itemListElement\":[{\"@type\":\"ListItem\",\"position\":1,\"name\":\"Accueil\",\"item\":\"https:\\\/\\\/www.artkalia.com\\\/fr\\\/\"},{\"@type\":\"ListItem\",\"position\":2,\"name\":\"Boutique\",\"item\":\"https:\\\/\\\/www.artkalia.com\\\/fr\\\/boutique-2\\\/\"},{\"@type\":\"ListItem\",\"position\":3,\"name\":\"Eggy\"}]},{\"@type\":\"WebSite\",\"@id\":\"https:\\\/\\\/www.artkalia.com\\\/#website\",\"url\":\"https:\\\/\\\/www.artkalia.com\\\/\",\"name\":\"Artkalia\",\"description\":\"Artkalia\",\"publisher\":{\"@id\":\"https:\\\/\\\/www.artkalia.com\\\/#organization\"},\"potentialAction\":[{\"@type\":\"SearchAction\",\"target\":{\"@type\":\"EntryPoint\",\"urlTemplate\":\"https:\\\/\\\/www.artkalia.com\\\/?s={search_term_string}\"},\"query-input\":{\"@type\":\"PropertyValueSpecification\",\"valueRequired\":true,\"valueName\":\"search_term_string\"}}],\"inLanguage\":\"fr-FR\"},{\"@type\":\"Organization\",\"@id\":\"https:\\\/\\\/www.artkalia.com\\\/#organization\",\"name\":\"Artkalia\",\"url\":\"https:\\\/\\\/www.artkalia.com\\\/\",\"logo\":{\"@type\":\"ImageObject\",\"inLanguage\":\"fr-FR\",\"@id\":\"https:\\\/\\\/www.artkalia.com\\\/#\\\/schema\\\/logo\\\/image\\\/\",\"url\":\"https:\\\/\\\/www.artkalia.com\\\/wp-content\\\/uploads\\\/sites\\\/39\\\/2016\\\/05\\\/artkalia-construction-page.gif\",\"contentUrl\":\"https:\\\/\\\/www.artkalia.com\\\/wp-content\\\/uploads\\\/sites\\\/39\\\/2016\\\/05\\\/artkalia-construction-page.gif\",\"width\":630,\"height\":282,\"caption\":\"Artkalia\"},\"image\":{\"@id\":\"https:\\\/\\\/www.artkalia.com\\\/#\\\/schema\\\/logo\\\/image\\\/\"},\"sameAs\":[\"https:\\\/\\\/www.facebook.com\\\/Artkalia-153361891354694\\\/\",\"https:\\\/\\\/x.com\\\/Artkalia_USA\"]}]}<\/script>\n<!-- \/ Yoast SEO plugin. -->","yoast_head_json":{"title":"Eggy - Artkalia","robots":{"index":"index","follow":"follow","max-snippet":"max-snippet:-1","max-image-preview":"max-image-preview:large","max-video-preview":"max-video-preview:-1"},"canonical":"https:\/\/www.artkalia.com\/fr\/produit\/eggy-2\/","og_locale":"fr_FR","og_type":"article","og_title":"Eggy - Artkalia","og_description":"A la fois amusant et \u00e9l\u00e9gant, le Eggy est une petite lumi\u00e8re d\u2019ambiance qui mettra en valeur vos diners et soir\u00e9es festives ou plus intimes, que ce soit \u00e0 l\u2019int\u00e9rieur ou l\u2019ext\u00e9rieur. La forme agr\u00e9ablement douce est faite \u00e0 partir de poly\u00e9thyl\u00e8ne; un mat\u00e9riau durable et optimal pour la diffusion des couleurs et effets choisis.","og_url":"https:\/\/www.artkalia.com\/fr\/produit\/eggy-2\/","og_site_name":"Artkalia","article_publisher":"https:\/\/www.facebook.com\/Artkalia-153361891354694\/","og_image":[{"width":600,"height":450,"url":"https:\/\/www.artkalia.com\/wp-content\/uploads\/sites\/39\/2016\/06\/IMG00882-20121206-1701-R.jpg","type":"image\/jpeg"}],"twitter_card":"summary_large_image","twitter_site":"@Artkalia_USA","schema":{"@context":"https:\/\/schema.org","@graph":[{"@type":"WebPage","@id":"https:\/\/www.artkalia.com\/fr\/produit\/eggy-2\/","url":"https:\/\/www.artkalia.com\/fr\/produit\/eggy-2\/","name":"Eggy - Artkalia","isPartOf":{"@id":"https:\/\/www.artkalia.com\/#website"},"primaryImageOfPage":{"@id":"https:\/\/www.artkalia.com\/fr\/produit\/eggy-2\/#primaryimage"},"image":{"@id":"https:\/\/www.artkalia.com\/fr\/produit\/eggy-2\/#primaryimage"},"thumbnailUrl":"https:\/\/www.artkalia.com\/wp-content\/uploads\/sites\/39\/2016\/06\/IMG00882-20121206-1701-R.jpg","datePublished":"2016-06-13T21:01:33+00:00","breadcrumb":{"@id":"https:\/\/www.artkalia.com\/fr\/produit\/eggy-2\/#breadcrumb"},"inLanguage":"fr-FR","potentialAction":[{"@type":"ReadAction","target":["https:\/\/www.artkalia.com\/fr\/produit\/eggy-2\/"]}]},{"@type":"ImageObject","inLanguage":"fr-FR","@id":"https:\/\/www.artkalia.com\/fr\/produit\/eggy-2\/#primaryimage","url":"https:\/\/www.artkalia.com\/wp-content\/uploads\/sites\/39\/2016\/06\/IMG00882-20121206-1701-R.jpg","contentUrl":"https:\/\/www.artkalia.com\/wp-content\/uploads\/sites\/39\/2016\/06\/IMG00882-20121206-1701-R.jpg","width":600,"height":450,"caption":"Eggy-Artkalia LED Table Lamp_04"},{"@type":"BreadcrumbList","@id":"https:\/\/www.artkalia.com\/fr\/produit\/eggy-2\/#breadcrumb","itemListElement":[{"@type":"ListItem","position":1,"name":"Accueil","item":"https:\/\/www.artkalia.com\/fr\/"},{"@type":"ListItem","position":2,"name":"Boutique","item":"https:\/\/www.artkalia.com\/fr\/boutique-2\/"},{"@type":"ListItem","position":3,"name":"Eggy"}]},{"@type":"WebSite","@id":"https:\/\/www.artkalia.com\/#website","url":"https:\/\/www.artkalia.com\/","name":"Artkalia","description":"Artkalia","publisher":{"@id":"https:\/\/www.artkalia.com\/#organization"},"potentialAction":[{"@type":"SearchAction","target":{"@type":"EntryPoint","urlTemplate":"https:\/\/www.artkalia.com\/?s={search_term_string}"},"query-input":{"@type":"PropertyValueSpecification","valueRequired":true,"valueName":"search_term_string"}}],"inLanguage":"fr-FR"},{"@type":"Organization","@id":"https:\/\/www.artkalia.com\/#organization","name":"Artkalia","url":"https:\/\/www.artkalia.com\/","logo":{"@type":"ImageObject","inLanguage":"fr-FR","@id":"https:\/\/www.artkalia.com\/#\/schema\/logo\/image\/","url":"https:\/\/www.artkalia.com\/wp-content\/uploads\/sites\/39\/2016\/05\/artkalia-construction-page.gif","contentUrl":"https:\/\/www.artkalia.com\/wp-content\/uploads\/sites\/39\/2016\/05\/artkalia-construction-page.gif","width":630,"height":282,"caption":"Artkalia"},"image":{"@id":"https:\/\/www.artkalia.com\/#\/schema\/logo\/image\/"},"sameAs":["https:\/\/www.facebook.com\/Artkalia-153361891354694\/","https:\/\/x.com\/Artkalia_USA"]}]}},"jetpack_publicize_connections":[],"jetpack_sharing_enabled":true,"_links":{"self":[{"href":"https:\/\/www.artkalia.com\/fr\/wp-json\/wp\/v2\/product\/1162","targetHints":{"allow":["GET"]}}],"collection":[{"href":"https:\/\/www.artkalia.com\/fr\/wp-json\/wp\/v2\/product"}],"about":[{"href":"https:\/\/www.artkalia.com\/fr\/wp-json\/wp\/v2\/types\/product"}],"replies":[{"embeddable":true,"href":"https:\/\/www.artkalia.com\/fr\/wp-json\/wp\/v2\/comments?post=1162"}],"wp:featuredmedia":[{"embeddable":true,"href":"https:\/\/www.artkalia.com\/fr\/wp-json\/wp\/v2\/media\/1166"}],"wp:attachment":[{"href":"https:\/\/www.artkalia.com\/fr\/wp-json\/wp\/v2\/media?parent=1162"}],"wp:term":[{"taxonomy":"product_brand","embeddable":true,"href":"https:\/\/www.artkalia.com\/fr\/wp-json\/wp\/v2\/product_brand?post=1162"},{"taxonomy":"product_cat","embeddable":true,"href":"https:\/\/www.artkalia.com\/fr\/wp-json\/wp\/v2\/product_cat?post=1162"},{"taxonomy":"product_tag","embeddable":true,"href":"https:\/\/www.artkalia.com\/fr\/wp-json\/wp\/v2\/product_tag?post=1162"}],"curies":[{"name":"wp","href":"https:\/\/api.w.org\/{rel}","templated":true}]}}