{"id":1112,"date":"2016-06-13T22:29:12","date_gmt":"2016-06-13T20:29:12","guid":{"rendered":"https:\/\/www.artkalia.com\/product\/bottela-2\/"},"modified":"2016-12-28T18:47:04","modified_gmt":"2016-12-28T17:47:04","slug":"bottela-2","status":"publish","type":"product","link":"https:\/\/www.artkalia.com\/fr\/produit\/bottela-2\/","title":{"rendered":"Bottela"},"content":{"rendered":"<p>Le Bottela est un seau a champagne tendance tout en hauteur, muni de poign\u00e9es en corde naturelle. Equip\u00e9 du module LED RVB Artkalia, il cr\u00e9era une ambiance cosy pour chaque \u00e9v\u00e8nement. <\/p>\n","protected":false},"excerpt":{"rendered":"<p>Le Bottela est un seau a champagne tendance tout en hauteur, muni de poign\u00e9es en corde naturelle. Equip\u00e9 du module LED RVB Artkalia, il cr\u00e9era une ambiance cosy pour chaque \u00e9v\u00e8nement. <\/p>\n","protected":false},"featured_media":1118,"comment_status":"open","ping_status":"closed","template":"","meta":{"content-type":"","_monsterinsights_skip_tracking":false,"_monsterinsights_sitenote_active":false,"_monsterinsights_sitenote_note":"","_monsterinsights_sitenote_category":0,"jetpack_post_was_ever_published":false,"jetpack_publicize_message":"","jetpack_publicize_feature_enabled":true,"jetpack_social_post_already_shared":true,"jetpack_social_options":{"image_generator_settings":{"template":"highway","default_image_id":0,"font":"","enabled":false},"version":2}},"product_brand":[],"product_cat":[86,88],"product_tag":[102],"class_list":{"0":"post-1112","1":"product","2":"type-product","3":"status-publish","4":"has-post-thumbnail","6":"product_cat-categories-fr","7":"product_cat-mobilier","8":"product_tag-bottela-fr","10":"first","11":"instock","12":"shipping-taxable","13":"product-type-simple"},"yoast_head":"<!-- This site is optimized with the Yoast SEO plugin v27.3 - https:\/\/yoast.com\/product\/yoast-seo-wordpress\/ -->\n<title>Bottela - Artkalia<\/title>\n<meta name=\"robots\" content=\"index, follow, max-snippet:-1, max-image-preview:large, max-video-preview:-1\" \/>\n<link rel=\"canonical\" href=\"https:\/\/www.artkalia.com\/fr\/produit\/bottela-2\/\" \/>\n<meta property=\"og:locale\" content=\"fr_FR\" \/>\n<meta property=\"og:type\" content=\"article\" \/>\n<meta property=\"og:title\" content=\"Bottela - Artkalia\" \/>\n<meta property=\"og:description\" content=\"Le Bottela est un seau a champagne tendance tout en hauteur, muni de poign\u00e9es en corde naturelle. Equip\u00e9 du module LED RVB Artkalia, il cr\u00e9era une ambiance cosy pour chaque \u00e9v\u00e8nement.\" \/>\n<meta property=\"og:url\" content=\"https:\/\/www.artkalia.com\/fr\/produit\/bottela-2\/\" \/>\n<meta property=\"og:site_name\" content=\"Artkalia\" \/>\n<meta property=\"article:publisher\" content=\"https:\/\/www.facebook.com\/Artkalia-153361891354694\/\" \/>\n<meta property=\"article:modified_time\" content=\"2016-12-28T17:47:04+00:00\" \/>\n<meta property=\"og:image\" content=\"https:\/\/www.artkalia.com\/wp-content\/uploads\/sites\/39\/2016\/06\/DSC_0707-R.jpg\" \/>\n\t<meta property=\"og:image:width\" content=\"600\" \/>\n\t<meta property=\"og:image:height\" content=\"399\" \/>\n\t<meta property=\"og:image:type\" content=\"image\/jpeg\" \/>\n<meta name=\"twitter:card\" content=\"summary_large_image\" \/>\n<meta name=\"twitter:site\" content=\"@Artkalia_USA\" \/>\n<script type=\"application\/ld+json\" class=\"yoast-schema-graph\">{\"@context\":\"https:\\\/\\\/schema.org\",\"@graph\":[{\"@type\":\"WebPage\",\"@id\":\"https:\\\/\\\/www.artkalia.com\\\/fr\\\/produit\\\/bottela-2\\\/\",\"url\":\"https:\\\/\\\/www.artkalia.com\\\/fr\\\/produit\\\/bottela-2\\\/\",\"name\":\"Bottela - Artkalia\",\"isPartOf\":{\"@id\":\"https:\\\/\\\/www.artkalia.com\\\/#website\"},\"primaryImageOfPage\":{\"@id\":\"https:\\\/\\\/www.artkalia.com\\\/fr\\\/produit\\\/bottela-2\\\/#primaryimage\"},\"image\":{\"@id\":\"https:\\\/\\\/www.artkalia.com\\\/fr\\\/produit\\\/bottela-2\\\/#primaryimage\"},\"thumbnailUrl\":\"https:\\\/\\\/www.artkalia.com\\\/wp-content\\\/uploads\\\/sites\\\/39\\\/2016\\\/06\\\/DSC_0707-R.jpg\",\"datePublished\":\"2016-06-13T20:29:12+00:00\",\"dateModified\":\"2016-12-28T17:47:04+00:00\",\"breadcrumb\":{\"@id\":\"https:\\\/\\\/www.artkalia.com\\\/fr\\\/produit\\\/bottela-2\\\/#breadcrumb\"},\"inLanguage\":\"fr-FR\",\"potentialAction\":[{\"@type\":\"ReadAction\",\"target\":[\"https:\\\/\\\/www.artkalia.com\\\/fr\\\/produit\\\/bottela-2\\\/\"]}]},{\"@type\":\"ImageObject\",\"inLanguage\":\"fr-FR\",\"@id\":\"https:\\\/\\\/www.artkalia.com\\\/fr\\\/produit\\\/bottela-2\\\/#primaryimage\",\"url\":\"https:\\\/\\\/www.artkalia.com\\\/wp-content\\\/uploads\\\/sites\\\/39\\\/2016\\\/06\\\/DSC_0707-R.jpg\",\"contentUrl\":\"https:\\\/\\\/www.artkalia.com\\\/wp-content\\\/uploads\\\/sites\\\/39\\\/2016\\\/06\\\/DSC_0707-R.jpg\",\"width\":600,\"height\":399,\"caption\":\"Bottela-Artkalia LED Champagne Bucket_05\"},{\"@type\":\"BreadcrumbList\",\"@id\":\"https:\\\/\\\/www.artkalia.com\\\/fr\\\/produit\\\/bottela-2\\\/#breadcrumb\",\"itemListElement\":[{\"@type\":\"ListItem\",\"position\":1,\"name\":\"Accueil\",\"item\":\"https:\\\/\\\/www.artkalia.com\\\/fr\\\/\"},{\"@type\":\"ListItem\",\"position\":2,\"name\":\"Boutique\",\"item\":\"https:\\\/\\\/www.artkalia.com\\\/fr\\\/boutique-2\\\/\"},{\"@type\":\"ListItem\",\"position\":3,\"name\":\"Bottela\"}]},{\"@type\":\"WebSite\",\"@id\":\"https:\\\/\\\/www.artkalia.com\\\/#website\",\"url\":\"https:\\\/\\\/www.artkalia.com\\\/\",\"name\":\"Artkalia\",\"description\":\"Artkalia\",\"publisher\":{\"@id\":\"https:\\\/\\\/www.artkalia.com\\\/#organization\"},\"potentialAction\":[{\"@type\":\"SearchAction\",\"target\":{\"@type\":\"EntryPoint\",\"urlTemplate\":\"https:\\\/\\\/www.artkalia.com\\\/?s={search_term_string}\"},\"query-input\":{\"@type\":\"PropertyValueSpecification\",\"valueRequired\":true,\"valueName\":\"search_term_string\"}}],\"inLanguage\":\"fr-FR\"},{\"@type\":\"Organization\",\"@id\":\"https:\\\/\\\/www.artkalia.com\\\/#organization\",\"name\":\"Artkalia\",\"url\":\"https:\\\/\\\/www.artkalia.com\\\/\",\"logo\":{\"@type\":\"ImageObject\",\"inLanguage\":\"fr-FR\",\"@id\":\"https:\\\/\\\/www.artkalia.com\\\/#\\\/schema\\\/logo\\\/image\\\/\",\"url\":\"https:\\\/\\\/www.artkalia.com\\\/wp-content\\\/uploads\\\/sites\\\/39\\\/2016\\\/05\\\/artkalia-construction-page.gif\",\"contentUrl\":\"https:\\\/\\\/www.artkalia.com\\\/wp-content\\\/uploads\\\/sites\\\/39\\\/2016\\\/05\\\/artkalia-construction-page.gif\",\"width\":630,\"height\":282,\"caption\":\"Artkalia\"},\"image\":{\"@id\":\"https:\\\/\\\/www.artkalia.com\\\/#\\\/schema\\\/logo\\\/image\\\/\"},\"sameAs\":[\"https:\\\/\\\/www.facebook.com\\\/Artkalia-153361891354694\\\/\",\"https:\\\/\\\/x.com\\\/Artkalia_USA\"]}]}<\/script>\n<!-- \/ Yoast SEO plugin. -->","yoast_head_json":{"title":"Bottela - Artkalia","robots":{"index":"index","follow":"follow","max-snippet":"max-snippet:-1","max-image-preview":"max-image-preview:large","max-video-preview":"max-video-preview:-1"},"canonical":"https:\/\/www.artkalia.com\/fr\/produit\/bottela-2\/","og_locale":"fr_FR","og_type":"article","og_title":"Bottela - Artkalia","og_description":"Le Bottela est un seau a champagne tendance tout en hauteur, muni de poign\u00e9es en corde naturelle. Equip\u00e9 du module LED RVB Artkalia, il cr\u00e9era une ambiance cosy pour chaque \u00e9v\u00e8nement.","og_url":"https:\/\/www.artkalia.com\/fr\/produit\/bottela-2\/","og_site_name":"Artkalia","article_publisher":"https:\/\/www.facebook.com\/Artkalia-153361891354694\/","article_modified_time":"2016-12-28T17:47:04+00:00","og_image":[{"width":600,"height":399,"url":"https:\/\/www.artkalia.com\/wp-content\/uploads\/sites\/39\/2016\/06\/DSC_0707-R.jpg","type":"image\/jpeg"}],"twitter_card":"summary_large_image","twitter_site":"@Artkalia_USA","schema":{"@context":"https:\/\/schema.org","@graph":[{"@type":"WebPage","@id":"https:\/\/www.artkalia.com\/fr\/produit\/bottela-2\/","url":"https:\/\/www.artkalia.com\/fr\/produit\/bottela-2\/","name":"Bottela - Artkalia","isPartOf":{"@id":"https:\/\/www.artkalia.com\/#website"},"primaryImageOfPage":{"@id":"https:\/\/www.artkalia.com\/fr\/produit\/bottela-2\/#primaryimage"},"image":{"@id":"https:\/\/www.artkalia.com\/fr\/produit\/bottela-2\/#primaryimage"},"thumbnailUrl":"https:\/\/www.artkalia.com\/wp-content\/uploads\/sites\/39\/2016\/06\/DSC_0707-R.jpg","datePublished":"2016-06-13T20:29:12+00:00","dateModified":"2016-12-28T17:47:04+00:00","breadcrumb":{"@id":"https:\/\/www.artkalia.com\/fr\/produit\/bottela-2\/#breadcrumb"},"inLanguage":"fr-FR","potentialAction":[{"@type":"ReadAction","target":["https:\/\/www.artkalia.com\/fr\/produit\/bottela-2\/"]}]},{"@type":"ImageObject","inLanguage":"fr-FR","@id":"https:\/\/www.artkalia.com\/fr\/produit\/bottela-2\/#primaryimage","url":"https:\/\/www.artkalia.com\/wp-content\/uploads\/sites\/39\/2016\/06\/DSC_0707-R.jpg","contentUrl":"https:\/\/www.artkalia.com\/wp-content\/uploads\/sites\/39\/2016\/06\/DSC_0707-R.jpg","width":600,"height":399,"caption":"Bottela-Artkalia LED Champagne Bucket_05"},{"@type":"BreadcrumbList","@id":"https:\/\/www.artkalia.com\/fr\/produit\/bottela-2\/#breadcrumb","itemListElement":[{"@type":"ListItem","position":1,"name":"Accueil","item":"https:\/\/www.artkalia.com\/fr\/"},{"@type":"ListItem","position":2,"name":"Boutique","item":"https:\/\/www.artkalia.com\/fr\/boutique-2\/"},{"@type":"ListItem","position":3,"name":"Bottela"}]},{"@type":"WebSite","@id":"https:\/\/www.artkalia.com\/#website","url":"https:\/\/www.artkalia.com\/","name":"Artkalia","description":"Artkalia","publisher":{"@id":"https:\/\/www.artkalia.com\/#organization"},"potentialAction":[{"@type":"SearchAction","target":{"@type":"EntryPoint","urlTemplate":"https:\/\/www.artkalia.com\/?s={search_term_string}"},"query-input":{"@type":"PropertyValueSpecification","valueRequired":true,"valueName":"search_term_string"}}],"inLanguage":"fr-FR"},{"@type":"Organization","@id":"https:\/\/www.artkalia.com\/#organization","name":"Artkalia","url":"https:\/\/www.artkalia.com\/","logo":{"@type":"ImageObject","inLanguage":"fr-FR","@id":"https:\/\/www.artkalia.com\/#\/schema\/logo\/image\/","url":"https:\/\/www.artkalia.com\/wp-content\/uploads\/sites\/39\/2016\/05\/artkalia-construction-page.gif","contentUrl":"https:\/\/www.artkalia.com\/wp-content\/uploads\/sites\/39\/2016\/05\/artkalia-construction-page.gif","width":630,"height":282,"caption":"Artkalia"},"image":{"@id":"https:\/\/www.artkalia.com\/#\/schema\/logo\/image\/"},"sameAs":["https:\/\/www.facebook.com\/Artkalia-153361891354694\/","https:\/\/x.com\/Artkalia_USA"]}]}},"jetpack_publicize_connections":[],"jetpack_sharing_enabled":true,"_links":{"self":[{"href":"https:\/\/www.artkalia.com\/fr\/wp-json\/wp\/v2\/product\/1112","targetHints":{"allow":["GET"]}}],"collection":[{"href":"https:\/\/www.artkalia.com\/fr\/wp-json\/wp\/v2\/product"}],"about":[{"href":"https:\/\/www.artkalia.com\/fr\/wp-json\/wp\/v2\/types\/product"}],"replies":[{"embeddable":true,"href":"https:\/\/www.artkalia.com\/fr\/wp-json\/wp\/v2\/comments?post=1112"}],"wp:featuredmedia":[{"embeddable":true,"href":"https:\/\/www.artkalia.com\/fr\/wp-json\/wp\/v2\/media\/1118"}],"wp:attachment":[{"href":"https:\/\/www.artkalia.com\/fr\/wp-json\/wp\/v2\/media?parent=1112"}],"wp:term":[{"taxonomy":"product_brand","embeddable":true,"href":"https:\/\/www.artkalia.com\/fr\/wp-json\/wp\/v2\/product_brand?post=1112"},{"taxonomy":"product_cat","embeddable":true,"href":"https:\/\/www.artkalia.com\/fr\/wp-json\/wp\/v2\/product_cat?post=1112"},{"taxonomy":"product_tag","embeddable":true,"href":"https:\/\/www.artkalia.com\/fr\/wp-json\/wp\/v2\/product_tag?post=1112"}],"curies":[{"name":"wp","href":"https:\/\/api.w.org\/{rel}","templated":true}]}}