{"id":1064,"date":"2016-09-13T16:36:03","date_gmt":"2016-09-13T14:36:03","guid":{"rendered":"https:\/\/www.artkalia.com\/product\/1064\/"},"modified":"2017-08-18T18:45:57","modified_gmt":"2017-08-18T16:45:57","slug":"aix-classica","status":"publish","type":"product","link":"https:\/\/www.artkalia.com\/fr\/produit\/aix-classica\/","title":{"rendered":"Aix Classica"},"content":{"rendered":"","protected":false},"excerpt":{"rendered":"<p>Pot de fleur filaire infiniment grand et aux courbes arrondies. Id\u00e9al pour de grands espaces commerciaux ou r\u00e9sidentiels et ajout parfait \u00e0 votre espace ext\u00e9rieur !<\/p>\n","protected":false},"featured_media":1071,"comment_status":"open","ping_status":"closed","template":"","meta":{"content-type":"","_monsterinsights_skip_tracking":false,"_monsterinsights_sitenote_active":false,"_monsterinsights_sitenote_note":"","_monsterinsights_sitenote_category":0,"jetpack_post_was_ever_published":false,"jetpack_publicize_message":"","jetpack_publicize_feature_enabled":true,"jetpack_social_post_already_shared":true,"jetpack_social_options":{"image_generator_settings":{"template":"highway","default_image_id":0,"font":"","enabled":false},"version":2}},"product_brand":[],"product_cat":[89,86],"product_tag":[],"class_list":{"0":"post-1064","1":"product","2":"type-product","3":"status-publish","4":"has-post-thumbnail","6":"product_cat-original-fr","7":"product_cat-categories-fr","9":"first","10":"instock","11":"shipping-taxable","12":"product-type-simple"},"yoast_head":"<!-- This site is optimized with the Yoast SEO plugin v27.5 - https:\/\/yoast.com\/product\/yoast-seo-wordpress\/ -->\n<title>Aix Classica - Artkalia<\/title>\n<meta name=\"robots\" content=\"index, follow, max-snippet:-1, max-image-preview:large, max-video-preview:-1\" \/>\n<link rel=\"canonical\" href=\"https:\/\/www.artkalia.com\/fr\/produit\/aix-classica\/\" \/>\n<meta property=\"og:locale\" content=\"fr_FR\" \/>\n<meta property=\"og:type\" content=\"article\" \/>\n<meta property=\"og:title\" content=\"Aix Classica - Artkalia\" \/>\n<meta property=\"og:description\" content=\"Pot de fleur filaire infiniment grand et aux courbes arrondies. Id\u00e9al pour de grands espaces commerciaux ou r\u00e9sidentiels et ajout parfait \u00e0 votre espace ext\u00e9rieur !\" \/>\n<meta property=\"og:url\" content=\"https:\/\/www.artkalia.com\/fr\/produit\/aix-classica\/\" \/>\n<meta property=\"og:site_name\" content=\"Artkalia\" \/>\n<meta property=\"article:publisher\" content=\"https:\/\/www.facebook.com\/Artkalia-153361891354694\/\" \/>\n<meta property=\"article:modified_time\" content=\"2017-08-18T16:45:57+00:00\" \/>\n<meta property=\"og:image\" content=\"https:\/\/www.artkalia.com\/wp-content\/uploads\/sites\/39\/2016\/09\/Aix-Classica-Artkalia-LED-Planter-Lamp_07.jpg\" \/>\n\t<meta property=\"og:image:width\" content=\"2520\" \/>\n\t<meta property=\"og:image:height\" content=\"1576\" \/>\n\t<meta property=\"og:image:type\" content=\"image\/jpeg\" \/>\n<meta name=\"twitter:card\" content=\"summary_large_image\" \/>\n<meta name=\"twitter:site\" content=\"@Artkalia_USA\" \/>\n<script type=\"application\/ld+json\" class=\"yoast-schema-graph\">{\"@context\":\"https:\\\/\\\/schema.org\",\"@graph\":[{\"@type\":\"WebPage\",\"@id\":\"https:\\\/\\\/www.artkalia.com\\\/fr\\\/produit\\\/aix-classica\\\/\",\"url\":\"https:\\\/\\\/www.artkalia.com\\\/fr\\\/produit\\\/aix-classica\\\/\",\"name\":\"Aix Classica - Artkalia\",\"isPartOf\":{\"@id\":\"https:\\\/\\\/www.artkalia.com\\\/#website\"},\"primaryImageOfPage\":{\"@id\":\"https:\\\/\\\/www.artkalia.com\\\/fr\\\/produit\\\/aix-classica\\\/#primaryimage\"},\"image\":{\"@id\":\"https:\\\/\\\/www.artkalia.com\\\/fr\\\/produit\\\/aix-classica\\\/#primaryimage\"},\"thumbnailUrl\":\"https:\\\/\\\/www.artkalia.com\\\/wp-content\\\/uploads\\\/sites\\\/39\\\/2016\\\/09\\\/Aix-Classica-Artkalia-LED-Planter-Lamp_07.jpg\",\"datePublished\":\"2016-09-13T14:36:03+00:00\",\"dateModified\":\"2017-08-18T16:45:57+00:00\",\"breadcrumb\":{\"@id\":\"https:\\\/\\\/www.artkalia.com\\\/fr\\\/produit\\\/aix-classica\\\/#breadcrumb\"},\"inLanguage\":\"fr-FR\",\"potentialAction\":[{\"@type\":\"ReadAction\",\"target\":[\"https:\\\/\\\/www.artkalia.com\\\/fr\\\/produit\\\/aix-classica\\\/\"]}]},{\"@type\":\"ImageObject\",\"inLanguage\":\"fr-FR\",\"@id\":\"https:\\\/\\\/www.artkalia.com\\\/fr\\\/produit\\\/aix-classica\\\/#primaryimage\",\"url\":\"https:\\\/\\\/www.artkalia.com\\\/wp-content\\\/uploads\\\/sites\\\/39\\\/2016\\\/09\\\/Aix-Classica-Artkalia-LED-Planter-Lamp_07.jpg\",\"contentUrl\":\"https:\\\/\\\/www.artkalia.com\\\/wp-content\\\/uploads\\\/sites\\\/39\\\/2016\\\/09\\\/Aix-Classica-Artkalia-LED-Planter-Lamp_07.jpg\",\"width\":2520,\"height\":1576},{\"@type\":\"BreadcrumbList\",\"@id\":\"https:\\\/\\\/www.artkalia.com\\\/fr\\\/produit\\\/aix-classica\\\/#breadcrumb\",\"itemListElement\":[{\"@type\":\"ListItem\",\"position\":1,\"name\":\"Accueil\",\"item\":\"https:\\\/\\\/www.artkalia.com\\\/fr\\\/\"},{\"@type\":\"ListItem\",\"position\":2,\"name\":\"Boutique\",\"item\":\"https:\\\/\\\/www.artkalia.com\\\/fr\\\/boutique-2\\\/\"},{\"@type\":\"ListItem\",\"position\":3,\"name\":\"Aix Classica\"}]},{\"@type\":\"WebSite\",\"@id\":\"https:\\\/\\\/www.artkalia.com\\\/#website\",\"url\":\"https:\\\/\\\/www.artkalia.com\\\/\",\"name\":\"Artkalia\",\"description\":\"Artkalia\",\"publisher\":{\"@id\":\"https:\\\/\\\/www.artkalia.com\\\/#organization\"},\"potentialAction\":[{\"@type\":\"SearchAction\",\"target\":{\"@type\":\"EntryPoint\",\"urlTemplate\":\"https:\\\/\\\/www.artkalia.com\\\/?s={search_term_string}\"},\"query-input\":{\"@type\":\"PropertyValueSpecification\",\"valueRequired\":true,\"valueName\":\"search_term_string\"}}],\"inLanguage\":\"fr-FR\"},{\"@type\":\"Organization\",\"@id\":\"https:\\\/\\\/www.artkalia.com\\\/#organization\",\"name\":\"Artkalia\",\"url\":\"https:\\\/\\\/www.artkalia.com\\\/\",\"logo\":{\"@type\":\"ImageObject\",\"inLanguage\":\"fr-FR\",\"@id\":\"https:\\\/\\\/www.artkalia.com\\\/#\\\/schema\\\/logo\\\/image\\\/\",\"url\":\"https:\\\/\\\/www.artkalia.com\\\/wp-content\\\/uploads\\\/sites\\\/39\\\/2016\\\/05\\\/artkalia-construction-page.gif\",\"contentUrl\":\"https:\\\/\\\/www.artkalia.com\\\/wp-content\\\/uploads\\\/sites\\\/39\\\/2016\\\/05\\\/artkalia-construction-page.gif\",\"width\":630,\"height\":282,\"caption\":\"Artkalia\"},\"image\":{\"@id\":\"https:\\\/\\\/www.artkalia.com\\\/#\\\/schema\\\/logo\\\/image\\\/\"},\"sameAs\":[\"https:\\\/\\\/www.facebook.com\\\/Artkalia-153361891354694\\\/\",\"https:\\\/\\\/x.com\\\/Artkalia_USA\"]}]}<\/script>\n<!-- \/ Yoast SEO plugin. -->","yoast_head_json":{"title":"Aix Classica - Artkalia","robots":{"index":"index","follow":"follow","max-snippet":"max-snippet:-1","max-image-preview":"max-image-preview:large","max-video-preview":"max-video-preview:-1"},"canonical":"https:\/\/www.artkalia.com\/fr\/produit\/aix-classica\/","og_locale":"fr_FR","og_type":"article","og_title":"Aix Classica - Artkalia","og_description":"Pot de fleur filaire infiniment grand et aux courbes arrondies. Id\u00e9al pour de grands espaces commerciaux ou r\u00e9sidentiels et ajout parfait \u00e0 votre espace ext\u00e9rieur !","og_url":"https:\/\/www.artkalia.com\/fr\/produit\/aix-classica\/","og_site_name":"Artkalia","article_publisher":"https:\/\/www.facebook.com\/Artkalia-153361891354694\/","article_modified_time":"2017-08-18T16:45:57+00:00","og_image":[{"width":2520,"height":1576,"url":"https:\/\/www.artkalia.com\/wp-content\/uploads\/sites\/39\/2016\/09\/Aix-Classica-Artkalia-LED-Planter-Lamp_07.jpg","type":"image\/jpeg"}],"twitter_card":"summary_large_image","twitter_site":"@Artkalia_USA","schema":{"@context":"https:\/\/schema.org","@graph":[{"@type":"WebPage","@id":"https:\/\/www.artkalia.com\/fr\/produit\/aix-classica\/","url":"https:\/\/www.artkalia.com\/fr\/produit\/aix-classica\/","name":"Aix Classica - Artkalia","isPartOf":{"@id":"https:\/\/www.artkalia.com\/#website"},"primaryImageOfPage":{"@id":"https:\/\/www.artkalia.com\/fr\/produit\/aix-classica\/#primaryimage"},"image":{"@id":"https:\/\/www.artkalia.com\/fr\/produit\/aix-classica\/#primaryimage"},"thumbnailUrl":"https:\/\/www.artkalia.com\/wp-content\/uploads\/sites\/39\/2016\/09\/Aix-Classica-Artkalia-LED-Planter-Lamp_07.jpg","datePublished":"2016-09-13T14:36:03+00:00","dateModified":"2017-08-18T16:45:57+00:00","breadcrumb":{"@id":"https:\/\/www.artkalia.com\/fr\/produit\/aix-classica\/#breadcrumb"},"inLanguage":"fr-FR","potentialAction":[{"@type":"ReadAction","target":["https:\/\/www.artkalia.com\/fr\/produit\/aix-classica\/"]}]},{"@type":"ImageObject","inLanguage":"fr-FR","@id":"https:\/\/www.artkalia.com\/fr\/produit\/aix-classica\/#primaryimage","url":"https:\/\/www.artkalia.com\/wp-content\/uploads\/sites\/39\/2016\/09\/Aix-Classica-Artkalia-LED-Planter-Lamp_07.jpg","contentUrl":"https:\/\/www.artkalia.com\/wp-content\/uploads\/sites\/39\/2016\/09\/Aix-Classica-Artkalia-LED-Planter-Lamp_07.jpg","width":2520,"height":1576},{"@type":"BreadcrumbList","@id":"https:\/\/www.artkalia.com\/fr\/produit\/aix-classica\/#breadcrumb","itemListElement":[{"@type":"ListItem","position":1,"name":"Accueil","item":"https:\/\/www.artkalia.com\/fr\/"},{"@type":"ListItem","position":2,"name":"Boutique","item":"https:\/\/www.artkalia.com\/fr\/boutique-2\/"},{"@type":"ListItem","position":3,"name":"Aix Classica"}]},{"@type":"WebSite","@id":"https:\/\/www.artkalia.com\/#website","url":"https:\/\/www.artkalia.com\/","name":"Artkalia","description":"Artkalia","publisher":{"@id":"https:\/\/www.artkalia.com\/#organization"},"potentialAction":[{"@type":"SearchAction","target":{"@type":"EntryPoint","urlTemplate":"https:\/\/www.artkalia.com\/?s={search_term_string}"},"query-input":{"@type":"PropertyValueSpecification","valueRequired":true,"valueName":"search_term_string"}}],"inLanguage":"fr-FR"},{"@type":"Organization","@id":"https:\/\/www.artkalia.com\/#organization","name":"Artkalia","url":"https:\/\/www.artkalia.com\/","logo":{"@type":"ImageObject","inLanguage":"fr-FR","@id":"https:\/\/www.artkalia.com\/#\/schema\/logo\/image\/","url":"https:\/\/www.artkalia.com\/wp-content\/uploads\/sites\/39\/2016\/05\/artkalia-construction-page.gif","contentUrl":"https:\/\/www.artkalia.com\/wp-content\/uploads\/sites\/39\/2016\/05\/artkalia-construction-page.gif","width":630,"height":282,"caption":"Artkalia"},"image":{"@id":"https:\/\/www.artkalia.com\/#\/schema\/logo\/image\/"},"sameAs":["https:\/\/www.facebook.com\/Artkalia-153361891354694\/","https:\/\/x.com\/Artkalia_USA"]}]}},"jetpack_publicize_connections":[],"jetpack_sharing_enabled":true,"_links":{"self":[{"href":"https:\/\/www.artkalia.com\/fr\/wp-json\/wp\/v2\/product\/1064","targetHints":{"allow":["GET"]}}],"collection":[{"href":"https:\/\/www.artkalia.com\/fr\/wp-json\/wp\/v2\/product"}],"about":[{"href":"https:\/\/www.artkalia.com\/fr\/wp-json\/wp\/v2\/types\/product"}],"replies":[{"embeddable":true,"href":"https:\/\/www.artkalia.com\/fr\/wp-json\/wp\/v2\/comments?post=1064"}],"wp:featuredmedia":[{"embeddable":true,"href":"https:\/\/www.artkalia.com\/fr\/wp-json\/wp\/v2\/media\/1071"}],"wp:attachment":[{"href":"https:\/\/www.artkalia.com\/fr\/wp-json\/wp\/v2\/media?parent=1064"}],"wp:term":[{"taxonomy":"product_brand","embeddable":true,"href":"https:\/\/www.artkalia.com\/fr\/wp-json\/wp\/v2\/product_brand?post=1064"},{"taxonomy":"product_cat","embeddable":true,"href":"https:\/\/www.artkalia.com\/fr\/wp-json\/wp\/v2\/product_cat?post=1064"},{"taxonomy":"product_tag","embeddable":true,"href":"https:\/\/www.artkalia.com\/fr\/wp-json\/wp\/v2\/product_tag?post=1064"}],"curies":[{"name":"wp","href":"https:\/\/api.w.org\/{rel}","templated":true}]}}