{"id":1043,"date":"2016-12-23T22:24:22","date_gmt":"2016-12-23T21:24:22","guid":{"rendered":"https:\/\/www.artkalia.com\/?page_id=1043\/"},"modified":"2016-12-29T00:22:08","modified_gmt":"2016-12-28T23:22:08","slug":"produits","status":"publish","type":"page","link":"https:\/\/www.artkalia.com\/fr\/produits\/","title":{"rendered":"PRODUITS"},"content":{"rendered":"<div id=\"pl-1043\"  class=\"panel-layout\" ><div id=\"pg-1043-0\"  class=\"panel-grid panel-has-style\" ><div id=\"page_produits\" class=\"panel-row-style panel-row-style-for-1043-0\" ><div id=\"pgc-1043-0-0\"  class=\"panel-grid-cell\" ><div id=\"panel-1043-0-0-0\" class=\"so-panel widget widget_sow-editor panel-first-child\" data-index=\"0\" ><div class=\"product_category_link panel-widget-style panel-widget-style-for-1043-0-0-0\" ><div\n\t\t\t\n\t\t\tclass=\"so-widget-sow-editor so-widget-sow-editor-base\"\n\t\t\t\n\t\t>\n<div class=\"siteorigin-widget-tinymce textwidget\">\n\t<p style=\"text-align: center;\">Nous sommes convaincus que la lumi\u00e8re est plus qu\u2019un \u00e9l\u00e9ment statique. Elle joue un r\u00f4le essentiel dans la cr\u00e9ation d\u2019une atmosph\u00e8re et exp\u00e9rience exceptionnelles.<\/p>\n<\/div>\n<\/div><\/div><\/div><div id=\"panel-1043-0-0-1\" class=\"so-panel widget widget_sow-editor\" data-index=\"1\" ><div class=\"product_category_link panel-widget-style panel-widget-style-for-1043-0-0-1\" ><div\n\t\t\t\n\t\t\tclass=\"so-widget-sow-editor so-widget-sow-editor-base\"\n\t\t\t\n\t\t>\n<div class=\"siteorigin-widget-tinymce textwidget\">\n\t<div style=\"width:40%;height:1px;background-color:#e96656;margin:0 auto;\"><\/div>\n<\/div>\n<\/div><\/div><\/div><div id=\"panel-1043-0-0-2\" class=\"so-panel widget widget_sow-editor\" data-index=\"2\" ><div class=\"product_category_link panel-widget-style panel-widget-style-for-1043-0-0-2\" ><div\n\t\t\t\n\t\t\tclass=\"so-widget-sow-editor so-widget-sow-editor-base\"\n\t\t\t\n\t\t>\n<div class=\"siteorigin-widget-tinymce textwidget\">\n\t<ul>\n<li><a href=\"\/fr\/categorie-produit\/categories-fr\/?show=all\">Tout <\/a><\/li>\n<li><a href=\"\/fr\/categorie-produit\/categories-fr\/mobilier\/\">Mobilier <\/a><\/li>\n<li><a href=\"\/fr\/categorie-produit\/categories-fr\/lampes-de-table\/\">Lampes de Table <\/a><\/li>\n<li><a href=\"\/fr\/categorie-produit\/categories-fr\/original-fr\/\">Original<\/a><\/li>\n<li><a href=\"\/fr\/categorie-produit\/categories-fr\/accessoires\/\">Accessoires<\/a><\/li>\n<\/ul>\n<\/div>\n<\/div><\/div><\/div><div id=\"panel-1043-0-0-3\" class=\"so-panel widget widget_sow-editor\" data-index=\"3\" ><div class=\"product_category_link panel-widget-style panel-widget-style-for-1043-0-0-3\" ><div\n\t\t\t\n\t\t\tclass=\"so-widget-sow-editor so-widget-sow-editor-base\"\n\t\t\t\n\t\t>\n<div class=\"siteorigin-widget-tinymce textwidget\">\n\t<p><a href=\"\/fr\/categorie-produit\/categories-fr\/?show=all\"><img fetchpriority=\"high\" fetchpriority=\"high\" decoding=\"async\" class=\"wp-image-1339 size-full aligncenter\" src=\"https:\/\/www.artkalia.com\/wp-content\/uploads\/sites\/39\/2016\/12\/ALL-fr.jpg\" alt=\"all-fr\" width=\"2000\" height=\"500\" srcset=\"https:\/\/www.artkalia.com\/wp-content\/uploads\/sites\/39\/2016\/12\/ALL-fr.jpg 2000w, https:\/\/www.artkalia.com\/wp-content\/uploads\/sites\/39\/2016\/12\/ALL-fr-300x75.jpg 300w, https:\/\/www.artkalia.com\/wp-content\/uploads\/sites\/39\/2016\/12\/ALL-fr-768x192.jpg 768w, https:\/\/www.artkalia.com\/wp-content\/uploads\/sites\/39\/2016\/12\/ALL-fr-1024x256.jpg 1024w\" sizes=\"(max-width: 2000px) 100vw, 2000px\" \/><\/a><\/p>\n<\/div>\n<\/div><\/div><\/div><div id=\"panel-1043-0-0-4\" class=\"so-panel widget widget_sow-editor\" data-index=\"4\" ><div\n\t\t\t\n\t\t\tclass=\"so-widget-sow-editor so-widget-sow-editor-base\"\n\t\t\t\n\t\t>\n<div class=\"siteorigin-widget-tinymce textwidget\">\n\t<p><a href=\"\/fr\/categorie-produit\/categories-fr\/original-fr\/\"><img decoding=\"async\" class=\"size-full wp-image-1343 aligncenter\" src=\"https:\/\/www.artkalia.com\/wp-content\/uploads\/sites\/39\/2016\/12\/ORIGINAL_b-1-fr.jpg\" alt=\"original_b-1-fr\" width=\"2000\" height=\"500\" srcset=\"https:\/\/www.artkalia.com\/wp-content\/uploads\/sites\/39\/2016\/12\/ORIGINAL_b-1-fr.jpg 2000w, https:\/\/www.artkalia.com\/wp-content\/uploads\/sites\/39\/2016\/12\/ORIGINAL_b-1-fr-300x75.jpg 300w, https:\/\/www.artkalia.com\/wp-content\/uploads\/sites\/39\/2016\/12\/ORIGINAL_b-1-fr-768x192.jpg 768w, https:\/\/www.artkalia.com\/wp-content\/uploads\/sites\/39\/2016\/12\/ORIGINAL_b-1-fr-1024x256.jpg 1024w\" sizes=\"(max-width: 2000px) 100vw, 2000px\" \/><\/a><\/p>\n<\/div>\n<\/div><\/div><div id=\"panel-1043-0-0-5\" class=\"so-panel widget widget_sow-editor\" data-index=\"5\" ><div\n\t\t\t\n\t\t\tclass=\"so-widget-sow-editor so-widget-sow-editor-base\"\n\t\t\t\n\t\t>\n<div class=\"siteorigin-widget-tinymce textwidget\">\n\t<p><a href=\"https:\/\/www.artkalia.com\/fr\/categorie-produit\/categories-fr\/lampes-de-table\/\"><img decoding=\"async\" class=\"size-full wp-image-1345 aligncenter\" src=\"https:\/\/www.artkalia.com\/wp-content\/uploads\/sites\/39\/2016\/12\/TABLEWARE-fr.jpg\" alt=\"tableware-fr\" width=\"2000\" height=\"500\" srcset=\"https:\/\/www.artkalia.com\/wp-content\/uploads\/sites\/39\/2016\/12\/TABLEWARE-fr.jpg 2000w, https:\/\/www.artkalia.com\/wp-content\/uploads\/sites\/39\/2016\/12\/TABLEWARE-fr-300x75.jpg 300w, https:\/\/www.artkalia.com\/wp-content\/uploads\/sites\/39\/2016\/12\/TABLEWARE-fr-768x192.jpg 768w, https:\/\/www.artkalia.com\/wp-content\/uploads\/sites\/39\/2016\/12\/TABLEWARE-fr-1024x256.jpg 1024w\" sizes=\"(max-width: 2000px) 100vw, 2000px\" \/><\/a><\/p>\n<\/div>\n<\/div><\/div><div id=\"panel-1043-0-0-6\" class=\"so-panel widget widget_sow-editor\" data-index=\"6\" ><div\n\t\t\t\n\t\t\tclass=\"so-widget-sow-editor so-widget-sow-editor-base\"\n\t\t\t\n\t\t>\n<div class=\"siteorigin-widget-tinymce textwidget\">\n\t<p><a href=\"\/fr\/categorie-produit\/categories-fr\/mobilier\/\"><img loading=\"lazy\" loading=\"lazy\" decoding=\"async\" class=\"size-full wp-image-1341 aligncenter\" src=\"https:\/\/www.artkalia.com\/wp-content\/uploads\/sites\/39\/2016\/12\/FURNITURE_b-fr.jpg\" alt=\"furniture_b-fr\" width=\"2000\" height=\"500\" srcset=\"https:\/\/www.artkalia.com\/wp-content\/uploads\/sites\/39\/2016\/12\/FURNITURE_b-fr.jpg 2000w, https:\/\/www.artkalia.com\/wp-content\/uploads\/sites\/39\/2016\/12\/FURNITURE_b-fr-300x75.jpg 300w, https:\/\/www.artkalia.com\/wp-content\/uploads\/sites\/39\/2016\/12\/FURNITURE_b-fr-768x192.jpg 768w, https:\/\/www.artkalia.com\/wp-content\/uploads\/sites\/39\/2016\/12\/FURNITURE_b-fr-1024x256.jpg 1024w\" sizes=\"auto, (max-width: 2000px) 100vw, 2000px\" \/><\/a><\/p>\n<\/div>\n<\/div><\/div><div id=\"panel-1043-0-0-7\" class=\"so-panel widget widget_sow-editor panel-last-child\" data-index=\"7\" ><div\n\t\t\t\n\t\t\tclass=\"so-widget-sow-editor so-widget-sow-editor-base\"\n\t\t\t\n\t\t>\n<div class=\"siteorigin-widget-tinymce textwidget\">\n\t<p><a href=\"\/fr\/categorie-produit\/categories-fr\/accessoires\/\"><img loading=\"lazy\" loading=\"lazy\" decoding=\"async\" class=\"size-full wp-image-1348 aligncenter\" src=\"https:\/\/www.artkalia.com\/wp-content\/uploads\/sites\/39\/2016\/12\/ACCESSORIES-fr.jpg\" alt=\"accessories-fr\" width=\"2000\" height=\"500\" srcset=\"https:\/\/www.artkalia.com\/wp-content\/uploads\/sites\/39\/2016\/12\/ACCESSORIES-fr.jpg 2000w, https:\/\/www.artkalia.com\/wp-content\/uploads\/sites\/39\/2016\/12\/ACCESSORIES-fr-300x75.jpg 300w, https:\/\/www.artkalia.com\/wp-content\/uploads\/sites\/39\/2016\/12\/ACCESSORIES-fr-768x192.jpg 768w, https:\/\/www.artkalia.com\/wp-content\/uploads\/sites\/39\/2016\/12\/ACCESSORIES-fr-1024x256.jpg 1024w\" sizes=\"auto, (max-width: 2000px) 100vw, 2000px\" \/><\/a><\/p>\n<\/div>\n<\/div><\/div><\/div><\/div><\/div><\/div>","protected":false},"excerpt":{"rendered":"<p>Nous sommes convaincus que la lumi\u00e8re est plus qu\u2019un \u00e9l\u00e9ment statique. Elle joue un r\u00f4le essentiel dans la cr\u00e9ation d\u2019une atmosph\u00e8re et exp\u00e9rience exceptionnelles. Tout Mobilier Lampes de Table Original Accessoires<\/p>\n","protected":false},"author":7,"featured_media":0,"parent":0,"menu_order":0,"comment_status":"closed","ping_status":"closed","template":"template-fullwidth.php","meta":{"content-type":"","_monsterinsights_skip_tracking":false,"_monsterinsights_sitenote_active":false,"_monsterinsights_sitenote_note":"","_monsterinsights_sitenote_category":0,"jetpack_post_was_ever_published":false,"footnotes":""},"class_list":["post-1043","page","type-page","status-publish","hentry"],"yoast_head":"<!-- This site is optimized with the Yoast SEO plugin v27.3 - https:\/\/yoast.com\/product\/yoast-seo-wordpress\/ -->\n<title>PRODUITS - Artkalia<\/title>\n<meta name=\"robots\" content=\"index, follow, max-snippet:-1, max-image-preview:large, max-video-preview:-1\" \/>\n<link rel=\"canonical\" href=\"https:\/\/www.artkalia.com\/fr\/produits\/\" \/>\n<meta property=\"og:locale\" content=\"fr_FR\" \/>\n<meta property=\"og:type\" content=\"article\" \/>\n<meta property=\"og:title\" content=\"PRODUITS - Artkalia\" \/>\n<meta property=\"og:description\" content=\"Nous sommes convaincus que la lumi\u00e8re est plus qu\u2019un \u00e9l\u00e9ment statique. Elle joue un r\u00f4le essentiel dans la cr\u00e9ation d\u2019une atmosph\u00e8re et exp\u00e9rience exceptionnelles. Tout Mobilier Lampes de Table Original Accessoires\" \/>\n<meta property=\"og:url\" content=\"https:\/\/www.artkalia.com\/fr\/produits\/\" \/>\n<meta property=\"og:site_name\" content=\"Artkalia\" \/>\n<meta property=\"article:publisher\" content=\"https:\/\/www.facebook.com\/Artkalia-153361891354694\/\" \/>\n<meta property=\"article:modified_time\" content=\"2016-12-28T23:22:08+00:00\" \/>\n<meta property=\"og:image\" content=\"https:\/\/www.artkalia.com\/wp-content\/uploads\/sites\/39\/2016\/12\/ALL-fr.jpg\" \/>\n<meta name=\"twitter:card\" content=\"summary_large_image\" \/>\n<meta name=\"twitter:site\" content=\"@Artkalia_USA\" \/>\n<script type=\"application\/ld+json\" class=\"yoast-schema-graph\">{\"@context\":\"https:\\\/\\\/schema.org\",\"@graph\":[{\"@type\":\"WebPage\",\"@id\":\"https:\\\/\\\/www.artkalia.com\\\/fr\\\/produits\\\/\",\"url\":\"https:\\\/\\\/www.artkalia.com\\\/fr\\\/produits\\\/\",\"name\":\"PRODUITS - Artkalia\",\"isPartOf\":{\"@id\":\"https:\\\/\\\/www.artkalia.com\\\/#website\"},\"primaryImageOfPage\":{\"@id\":\"https:\\\/\\\/www.artkalia.com\\\/fr\\\/produits\\\/#primaryimage\"},\"image\":{\"@id\":\"https:\\\/\\\/www.artkalia.com\\\/fr\\\/produits\\\/#primaryimage\"},\"thumbnailUrl\":\"https:\\\/\\\/www.artkalia.com\\\/wp-content\\\/uploads\\\/sites\\\/39\\\/2016\\\/12\\\/ALL-fr.jpg\",\"datePublished\":\"2016-12-23T21:24:22+00:00\",\"dateModified\":\"2016-12-28T23:22:08+00:00\",\"breadcrumb\":{\"@id\":\"https:\\\/\\\/www.artkalia.com\\\/fr\\\/produits\\\/#breadcrumb\"},\"inLanguage\":\"fr-FR\",\"potentialAction\":[{\"@type\":\"ReadAction\",\"target\":[\"https:\\\/\\\/www.artkalia.com\\\/fr\\\/produits\\\/\"]}]},{\"@type\":\"ImageObject\",\"inLanguage\":\"fr-FR\",\"@id\":\"https:\\\/\\\/www.artkalia.com\\\/fr\\\/produits\\\/#primaryimage\",\"url\":\"https:\\\/\\\/www.artkalia.com\\\/wp-content\\\/uploads\\\/sites\\\/39\\\/2016\\\/12\\\/ALL-fr.jpg\",\"contentUrl\":\"https:\\\/\\\/www.artkalia.com\\\/wp-content\\\/uploads\\\/sites\\\/39\\\/2016\\\/12\\\/ALL-fr.jpg\"},{\"@type\":\"BreadcrumbList\",\"@id\":\"https:\\\/\\\/www.artkalia.com\\\/fr\\\/produits\\\/#breadcrumb\",\"itemListElement\":[{\"@type\":\"ListItem\",\"position\":1,\"name\":\"Accueil\",\"item\":\"https:\\\/\\\/www.artkalia.com\\\/fr\\\/\"},{\"@type\":\"ListItem\",\"position\":2,\"name\":\"PRODUITS\"}]},{\"@type\":\"WebSite\",\"@id\":\"https:\\\/\\\/www.artkalia.com\\\/#website\",\"url\":\"https:\\\/\\\/www.artkalia.com\\\/\",\"name\":\"Artkalia\",\"description\":\"Artkalia\",\"publisher\":{\"@id\":\"https:\\\/\\\/www.artkalia.com\\\/#organization\"},\"potentialAction\":[{\"@type\":\"SearchAction\",\"target\":{\"@type\":\"EntryPoint\",\"urlTemplate\":\"https:\\\/\\\/www.artkalia.com\\\/?s={search_term_string}\"},\"query-input\":{\"@type\":\"PropertyValueSpecification\",\"valueRequired\":true,\"valueName\":\"search_term_string\"}}],\"inLanguage\":\"fr-FR\"},{\"@type\":\"Organization\",\"@id\":\"https:\\\/\\\/www.artkalia.com\\\/#organization\",\"name\":\"Artkalia\",\"url\":\"https:\\\/\\\/www.artkalia.com\\\/\",\"logo\":{\"@type\":\"ImageObject\",\"inLanguage\":\"fr-FR\",\"@id\":\"https:\\\/\\\/www.artkalia.com\\\/#\\\/schema\\\/logo\\\/image\\\/\",\"url\":\"https:\\\/\\\/www.artkalia.com\\\/wp-content\\\/uploads\\\/sites\\\/39\\\/2016\\\/05\\\/artkalia-construction-page.gif\",\"contentUrl\":\"https:\\\/\\\/www.artkalia.com\\\/wp-content\\\/uploads\\\/sites\\\/39\\\/2016\\\/05\\\/artkalia-construction-page.gif\",\"width\":630,\"height\":282,\"caption\":\"Artkalia\"},\"image\":{\"@id\":\"https:\\\/\\\/www.artkalia.com\\\/#\\\/schema\\\/logo\\\/image\\\/\"},\"sameAs\":[\"https:\\\/\\\/www.facebook.com\\\/Artkalia-153361891354694\\\/\",\"https:\\\/\\\/x.com\\\/Artkalia_USA\"]}]}<\/script>\n<!-- \/ Yoast SEO plugin. -->","yoast_head_json":{"title":"PRODUITS - Artkalia","robots":{"index":"index","follow":"follow","max-snippet":"max-snippet:-1","max-image-preview":"max-image-preview:large","max-video-preview":"max-video-preview:-1"},"canonical":"https:\/\/www.artkalia.com\/fr\/produits\/","og_locale":"fr_FR","og_type":"article","og_title":"PRODUITS - Artkalia","og_description":"Nous sommes convaincus que la lumi\u00e8re est plus qu\u2019un \u00e9l\u00e9ment statique. Elle joue un r\u00f4le essentiel dans la cr\u00e9ation d\u2019une atmosph\u00e8re et exp\u00e9rience exceptionnelles. Tout Mobilier Lampes de Table Original Accessoires","og_url":"https:\/\/www.artkalia.com\/fr\/produits\/","og_site_name":"Artkalia","article_publisher":"https:\/\/www.facebook.com\/Artkalia-153361891354694\/","article_modified_time":"2016-12-28T23:22:08+00:00","og_image":[{"url":"https:\/\/www.artkalia.com\/wp-content\/uploads\/sites\/39\/2016\/12\/ALL-fr.jpg","type":"","width":"","height":""}],"twitter_card":"summary_large_image","twitter_site":"@Artkalia_USA","schema":{"@context":"https:\/\/schema.org","@graph":[{"@type":"WebPage","@id":"https:\/\/www.artkalia.com\/fr\/produits\/","url":"https:\/\/www.artkalia.com\/fr\/produits\/","name":"PRODUITS - Artkalia","isPartOf":{"@id":"https:\/\/www.artkalia.com\/#website"},"primaryImageOfPage":{"@id":"https:\/\/www.artkalia.com\/fr\/produits\/#primaryimage"},"image":{"@id":"https:\/\/www.artkalia.com\/fr\/produits\/#primaryimage"},"thumbnailUrl":"https:\/\/www.artkalia.com\/wp-content\/uploads\/sites\/39\/2016\/12\/ALL-fr.jpg","datePublished":"2016-12-23T21:24:22+00:00","dateModified":"2016-12-28T23:22:08+00:00","breadcrumb":{"@id":"https:\/\/www.artkalia.com\/fr\/produits\/#breadcrumb"},"inLanguage":"fr-FR","potentialAction":[{"@type":"ReadAction","target":["https:\/\/www.artkalia.com\/fr\/produits\/"]}]},{"@type":"ImageObject","inLanguage":"fr-FR","@id":"https:\/\/www.artkalia.com\/fr\/produits\/#primaryimage","url":"https:\/\/www.artkalia.com\/wp-content\/uploads\/sites\/39\/2016\/12\/ALL-fr.jpg","contentUrl":"https:\/\/www.artkalia.com\/wp-content\/uploads\/sites\/39\/2016\/12\/ALL-fr.jpg"},{"@type":"BreadcrumbList","@id":"https:\/\/www.artkalia.com\/fr\/produits\/#breadcrumb","itemListElement":[{"@type":"ListItem","position":1,"name":"Accueil","item":"https:\/\/www.artkalia.com\/fr\/"},{"@type":"ListItem","position":2,"name":"PRODUITS"}]},{"@type":"WebSite","@id":"https:\/\/www.artkalia.com\/#website","url":"https:\/\/www.artkalia.com\/","name":"Artkalia","description":"Artkalia","publisher":{"@id":"https:\/\/www.artkalia.com\/#organization"},"potentialAction":[{"@type":"SearchAction","target":{"@type":"EntryPoint","urlTemplate":"https:\/\/www.artkalia.com\/?s={search_term_string}"},"query-input":{"@type":"PropertyValueSpecification","valueRequired":true,"valueName":"search_term_string"}}],"inLanguage":"fr-FR"},{"@type":"Organization","@id":"https:\/\/www.artkalia.com\/#organization","name":"Artkalia","url":"https:\/\/www.artkalia.com\/","logo":{"@type":"ImageObject","inLanguage":"fr-FR","@id":"https:\/\/www.artkalia.com\/#\/schema\/logo\/image\/","url":"https:\/\/www.artkalia.com\/wp-content\/uploads\/sites\/39\/2016\/05\/artkalia-construction-page.gif","contentUrl":"https:\/\/www.artkalia.com\/wp-content\/uploads\/sites\/39\/2016\/05\/artkalia-construction-page.gif","width":630,"height":282,"caption":"Artkalia"},"image":{"@id":"https:\/\/www.artkalia.com\/#\/schema\/logo\/image\/"},"sameAs":["https:\/\/www.facebook.com\/Artkalia-153361891354694\/","https:\/\/x.com\/Artkalia_USA"]}]}},"jetpack_shortlink":"https:\/\/wp.me\/P7B1gr-gP","jetpack_sharing_enabled":true,"_links":{"self":[{"href":"https:\/\/www.artkalia.com\/fr\/wp-json\/wp\/v2\/pages\/1043","targetHints":{"allow":["GET"]}}],"collection":[{"href":"https:\/\/www.artkalia.com\/fr\/wp-json\/wp\/v2\/pages"}],"about":[{"href":"https:\/\/www.artkalia.com\/fr\/wp-json\/wp\/v2\/types\/page"}],"author":[{"embeddable":true,"href":"https:\/\/www.artkalia.com\/fr\/wp-json\/wp\/v2\/users\/7"}],"replies":[{"embeddable":true,"href":"https:\/\/www.artkalia.com\/fr\/wp-json\/wp\/v2\/comments?post=1043"}],"version-history":[{"count":0,"href":"https:\/\/www.artkalia.com\/fr\/wp-json\/wp\/v2\/pages\/1043\/revisions"}],"wp:attachment":[{"href":"https:\/\/www.artkalia.com\/fr\/wp-json\/wp\/v2\/media?parent=1043"}],"curies":[{"name":"wp","href":"https:\/\/api.w.org\/{rel}","templated":true}]}}