{"id":1029,"date":"2016-12-23T00:54:38","date_gmt":"2016-12-22T23:54:38","guid":{"rendered":"https:\/\/www.artkalia.com\/?page_id=1029\/"},"modified":"2016-12-29T00:47:59","modified_gmt":"2016-12-28T23:47:59","slug":"actualites","status":"publish","type":"page","link":"https:\/\/www.artkalia.com\/fr\/actualites\/","title":{"rendered":"ACTUALIT\u00c9S"},"content":{"rendered":"<div id=\"pl-1029\"  class=\"panel-layout\" ><div id=\"pg-1029-0\"  class=\"panel-grid panel-no-style\" ><div id=\"pgc-1029-0-0\"  class=\"panel-grid-cell\" ><div id=\"panel-1029-0-0-0\" class=\"so-panel widget widget_sow-editor panel-first-child panel-last-child\" data-index=\"0\" ><div\n\t\t\t\n\t\t\tclass=\"so-widget-sow-editor so-widget-sow-editor-base\"\n\t\t\t\n\t\t>\n<div class=\"siteorigin-widget-tinymce textwidget\">\n\t<h2 class=\"p1\" style=\"text-align: center;margin-bottom:0;\"><span class=\"s1\">Restez inform\u00e9s avec nos derni\u00e8res actus, \u00e9v\u00e9nements et avant-premi\u00e8re de collections.<\/span><\/h2>\n<h2 class=\"p1\" style=\"text-align: center;\"><span class=\"s1\">Restez dans la boucle pour avoir les derni\u00e8res tendances !<\/span><\/h2>\n<\/div>\n<\/div><\/div><\/div><\/div><div id=\"pg-1029-1\"  class=\"panel-grid panel-no-style\" ><div id=\"pgc-1029-1-0\"  class=\"panel-grid-cell\" ><div id=\"panel-1029-1-0-0\" class=\"so-panel widget widget_sow-editor panel-first-child panel-last-child\" data-index=\"1\" ><div\n\t\t\t\n\t\t\tclass=\"so-widget-sow-editor so-widget-sow-editor-base\"\n\t\t\t\n\t\t>\n<div class=\"siteorigin-widget-tinymce textwidget\">\n\t<div style=\"width:40%;height:1px;background-color:#e96656;margin:0 auto;\"><\/div>\n<\/div>\n<\/div><\/div><\/div><\/div><div id=\"pg-1029-2\"  class=\"panel-grid panel-has-style\" ><div id=\"home_latests_news\" class=\"panel-row-style panel-row-style-for-1029-2\" ><div id=\"pgc-1029-2-0\"  class=\"panel-grid-cell\" ><div id=\"panel-1029-2-0-0\" class=\"so-panel widget widget_ink-blog panel-first-child panel-last-child\" data-index=\"2\" ><div\n\t\t\t\n\t\t\tclass=\"so-widget-ink-blog so-widget-ink-blog-thumb-above-36e9b248ab7c-1029\"\n\t\t\t\n\t\t>\n\n\n\t<div class=\"iw-so-blog\">\n\n\t\t<div id=\"my-ajax-blog-widget\">\n\n\t\t\t<div class=\"iw-so-blog-container iw-so-blog-equal-height\">\n\n\t\t\t\t\n\t\t\t\t\t<div class=\"iw-so-article iw-so-thumb-above iw-so-blog-three-column iw-so-first-col\">\n\n\t\t\t\t\t\t\n\t\t\t\t\t\t\t<div class=\"iw-so-article-thumb\">\n\n\t\t\t\t\t\t\t\t\n\t\t\t\t\t\t\t\t\t<a href=\"https:\/\/www.artkalia.com\/fr\/actualites\/artkalia-featured-luxe-magazine\/\">\n\t\t\t\t\t\t\t\t\t\t<img fetchpriority=\"high\" decoding=\"async\" width=\"300\" height=\"191\" src=\"https:\/\/www.artkalia.com\/wp-content\/uploads\/sites\/39\/2016\/11\/Cover-3-300x191.png\" class=\"attachment-medium size-medium wp-post-image\" alt=\"\" srcset=\"https:\/\/www.artkalia.com\/wp-content\/uploads\/sites\/39\/2016\/11\/Cover-3-300x191.png 300w, https:\/\/www.artkalia.com\/wp-content\/uploads\/sites\/39\/2016\/11\/Cover-3-768x489.png 768w, https:\/\/www.artkalia.com\/wp-content\/uploads\/sites\/39\/2016\/11\/Cover-3-1024x651.png 1024w, https:\/\/www.artkalia.com\/wp-content\/uploads\/sites\/39\/2016\/11\/Cover-3.png 1550w\" sizes=\"(max-width: 300px) 100vw, 300px\" \/>\t\t\t\t\t\t\t\t\t\t\t\t\t\t\t\t\t\t\t<\/a>\n\n\t\t\t\t\t\t\t\t\n\t\t\t\t\t\t\t<\/div>\n\n\t\t\t\t\t\t\n\t\t\t\t\t\t<div class=\"iw-so-article-content\">\n\n\t\t\t\t\t\t\t\n\t\t\t\t\t\t\t<h2 class=\"iw-so-article-title iw-text-center\">\n\t\t\t\t\t\t\t\t<a href=\"https:\/\/www.artkalia.com\/fr\/actualites\/artkalia-featured-luxe-magazine\/\">\t\t\t\t\t\t\t\t\tARTKALIA FEATURED ON LUXE MAGAZINE!\t\t\t\t\t\t\t\t<\/a>\t\t\t\t\t\t\t<\/h2>\n\n\t\t\t\t\t\t\t\n\t\t\t\t\t\t\t\t<p class=\"iw-so-article-byline-below iw-text-center\">\n\t\t\t\t\t\t\t\t\t 25 novembre 2018\t\t\t\t\t\t\t\t<\/p>\n\n\t\t\t\t\t\t\t\n\t\t\t\t\t\t\t\n\t\t\t\t\t\t\t\t<p class=\"iw-so-article-excerpt iw-text-center\">\n\t\t\t\t\t\t\t\t\t\t\t\t\t\t\t\t\t\t\t<a href=\"https:\/\/www.artkalia.com\/fr\/actualites\/artkalia-featured-luxe-magazine\/\">\n\t\t\t\t\t\t\t\t\t\t\tDiscover Artkalia in Luxe Magazine, one of the largest source of interior design inspiration for architects, interior designers, home...\t\t\t\t\t\t\t\t\t\t<\/a>\n\t\t\t\t\t\t\t\t\t\t\t\t\t\t\t\t\t<\/p>\n\n\t\t\t\t\t\t\t\n\t\t\t\t\t\t\t\n\t\t\t\t\t\t\t\n\t\t\t\t\t\t\t\t<div class=\"iw-so-article-button\">\n\t\t\t\t\t\t\t\t\t<a class=\"iw-so-article-btn iw-so-article-btn-hover iw-so-article-btn-click\" href=\"https:\/\/www.artkalia.com\/fr\/actualites\/artkalia-featured-luxe-magazine\/\">\n\t\t\t\t\t\t\t\t\t\tLire la suite\t\t\t\t\t\t\t\t\t<\/a>\n\t\t\t\t\t\t\t\t<\/div>\n\n\t\t\t\t\t\t\t\n\t\t\t\t\t\t<\/div>\n\n\t\t\t\t\t<\/div>\n\n\t\t\t\t\t\n\t\t\t\t\n\t\t\t\t\t<div class=\"iw-so-article iw-so-thumb-above iw-so-blog-three-column \">\n\n\t\t\t\t\t\t\n\t\t\t\t\t\t\t<div class=\"iw-so-article-thumb\">\n\n\t\t\t\t\t\t\t\t\n\t\t\t\t\t\t\t\t\t<a href=\"https:\/\/www.artkalia.com\/fr\/actualites\/artkalia-integre-le-dmx\/\">\n\t\t\t\t\t\t\t\t\t\t<img decoding=\"async\" width=\"300\" height=\"195\" src=\"https:\/\/www.artkalia.com\/wp-content\/uploads\/sites\/39\/2016\/06\/Stonnia-R-1-300x195.png\" class=\"attachment-medium size-medium wp-post-image\" alt=\"\" srcset=\"https:\/\/www.artkalia.com\/wp-content\/uploads\/sites\/39\/2016\/06\/Stonnia-R-1-300x195.png 300w, https:\/\/www.artkalia.com\/wp-content\/uploads\/sites\/39\/2016\/06\/Stonnia-R-1.png 600w\" sizes=\"(max-width: 300px) 100vw, 300px\" \/>\t\t\t\t\t\t\t\t\t\t\t\t\t\t\t\t\t\t\t<\/a>\n\n\t\t\t\t\t\t\t\t\n\t\t\t\t\t\t\t<\/div>\n\n\t\t\t\t\t\t\n\t\t\t\t\t\t<div class=\"iw-so-article-content\">\n\n\t\t\t\t\t\t\t\n\t\t\t\t\t\t\t<h2 class=\"iw-so-article-title iw-text-center\">\n\t\t\t\t\t\t\t\t<a href=\"https:\/\/www.artkalia.com\/fr\/actualites\/artkalia-integre-le-dmx\/\">\t\t\t\t\t\t\t\t\tARTKALIA INT\u00c8GRE LE DMX!\t\t\t\t\t\t\t\t<\/a>\t\t\t\t\t\t\t<\/h2>\n\n\t\t\t\t\t\t\t\n\t\t\t\t\t\t\t\t<p class=\"iw-so-article-byline-below iw-text-center\">\n\t\t\t\t\t\t\t\t\t 12 ao\u00fbt 2016\t\t\t\t\t\t\t\t<\/p>\n\n\t\t\t\t\t\t\t\n\t\t\t\t\t\t\t\n\t\t\t\t\t\t\t\t<p class=\"iw-so-article-excerpt iw-text-center\">\n\t\t\t\t\t\t\t\t\t\t\t\t\t\t\t\t\t\t\t<a href=\"https:\/\/www.artkalia.com\/fr\/actualites\/artkalia-integre-le-dmx\/\">\n\t\t\t\t\t\t\t\t\t\t\tLa technologie DMX a \u00e9t\u00e9 int\u00e9gr\u00e9e dans notre nouvelle solution LED. Notre transmetteur DMX peut g\u00e9rer un nombre illimit\u00e9...\t\t\t\t\t\t\t\t\t\t<\/a>\n\t\t\t\t\t\t\t\t\t\t\t\t\t\t\t\t\t<\/p>\n\n\t\t\t\t\t\t\t\n\t\t\t\t\t\t\t\n\t\t\t\t\t\t\t\n\t\t\t\t\t\t\t\t<div class=\"iw-so-article-button\">\n\t\t\t\t\t\t\t\t\t<a class=\"iw-so-article-btn iw-so-article-btn-hover iw-so-article-btn-click\" href=\"https:\/\/www.artkalia.com\/fr\/actualites\/artkalia-integre-le-dmx\/\">\n\t\t\t\t\t\t\t\t\t\tLire la suite\t\t\t\t\t\t\t\t\t<\/a>\n\t\t\t\t\t\t\t\t<\/div>\n\n\t\t\t\t\t\t\t\n\t\t\t\t\t\t<\/div>\n\n\t\t\t\t\t<\/div>\n\n\t\t\t\t\t\n\t\t\t\t\n\t\t\t\t\t<div class=\"iw-so-article iw-so-thumb-above iw-so-blog-three-column iw-so-last-col\">\n\n\t\t\t\t\t\t\n\t\t\t\t\t\t\t<div class=\"iw-so-article-thumb\">\n\n\t\t\t\t\t\t\t\t\n\t\t\t\t\t\t\t\t\t<a href=\"https:\/\/www.artkalia.com\/fr\/actualites\/illuminez-lart-avec-kidrobot\/\">\n\t\t\t\t\t\t\t\t\t\t<img decoding=\"async\" width=\"300\" height=\"195\" src=\"https:\/\/www.artkalia.com\/wp-content\/uploads\/sites\/39\/2016\/07\/Artkalia-Kidrobot-partnership-BW-3-300x195.png\" class=\"attachment-medium size-medium wp-post-image\" alt=\"\" srcset=\"https:\/\/www.artkalia.com\/wp-content\/uploads\/sites\/39\/2016\/07\/Artkalia-Kidrobot-partnership-BW-3-300x195.png 300w, https:\/\/www.artkalia.com\/wp-content\/uploads\/sites\/39\/2016\/07\/Artkalia-Kidrobot-partnership-BW-3-768x500.png 768w, https:\/\/www.artkalia.com\/wp-content\/uploads\/sites\/39\/2016\/07\/Artkalia-Kidrobot-partnership-BW-3-1024x666.png 1024w\" sizes=\"(max-width: 300px) 100vw, 300px\" \/>\t\t\t\t\t\t\t\t\t\t\t\t\t\t\t\t\t\t\t<\/a>\n\n\t\t\t\t\t\t\t\t\n\t\t\t\t\t\t\t<\/div>\n\n\t\t\t\t\t\t\n\t\t\t\t\t\t<div class=\"iw-so-article-content\">\n\n\t\t\t\t\t\t\t\n\t\t\t\t\t\t\t<h2 class=\"iw-so-article-title iw-text-center\">\n\t\t\t\t\t\t\t\t<a href=\"https:\/\/www.artkalia.com\/fr\/actualites\/illuminez-lart-avec-kidrobot\/\">\t\t\t\t\t\t\t\t\tILLUMINEZ L\u2019ART AVEC KIDROBOT\t\t\t\t\t\t\t\t<\/a>\t\t\t\t\t\t\t<\/h2>\n\n\t\t\t\t\t\t\t\n\t\t\t\t\t\t\t\t<p class=\"iw-so-article-byline-below iw-text-center\">\n\t\t\t\t\t\t\t\t\t 17 juillet 2016\t\t\t\t\t\t\t\t<\/p>\n\n\t\t\t\t\t\t\t\n\t\t\t\t\t\t\t\n\t\t\t\t\t\t\t\t<p class=\"iw-so-article-excerpt iw-text-center\">\n\t\t\t\t\t\t\t\t\t\t\t\t\t\t\t\t\t\t\t<a href=\"https:\/\/www.artkalia.com\/fr\/actualites\/illuminez-lart-avec-kidrobot\/\">\n\t\t\t\t\t\t\t\t\t\t\tArtkalia et Kidrobot ont collabor\u00e9 afin d\u2019illuminer des pi\u00e8ces d\u2019art d\u00e9j\u00e0 cr\u00e9\u00e9es par Kidrobot. Kidrobot est le premier cr\u00e9ateur...\t\t\t\t\t\t\t\t\t\t<\/a>\n\t\t\t\t\t\t\t\t\t\t\t\t\t\t\t\t\t<\/p>\n\n\t\t\t\t\t\t\t\n\t\t\t\t\t\t\t\n\t\t\t\t\t\t\t\n\t\t\t\t\t\t\t\t<div class=\"iw-so-article-button\">\n\t\t\t\t\t\t\t\t\t<a class=\"iw-so-article-btn iw-so-article-btn-hover iw-so-article-btn-click\" href=\"https:\/\/www.artkalia.com\/fr\/actualites\/illuminez-lart-avec-kidrobot\/\">\n\t\t\t\t\t\t\t\t\t\tLire la suite\t\t\t\t\t\t\t\t\t<\/a>\n\t\t\t\t\t\t\t\t<\/div>\n\n\t\t\t\t\t\t\t\n\t\t\t\t\t\t<\/div>\n\n\t\t\t\t\t<\/div>\n\n\t\t\t\t\t\n\t\t\t\t\n\t\t\t\t\t<div class=\"iw-so-article iw-so-thumb-above iw-so-blog-three-column iw-so-first-col\">\n\n\t\t\t\t\t\t\n\t\t\t\t\t\t\t<div class=\"iw-so-article-thumb\">\n\n\t\t\t\t\t\t\t\t\n\t\t\t\t\t\t\t\t\t<a href=\"https:\/\/www.artkalia.com\/fr\/actualites\/personalisation-des-kubbia-pour-hartkins-theaters\/\">\n\t\t\t\t\t\t\t\t\t\t<img loading=\"lazy\" decoding=\"async\" width=\"300\" height=\"195\" src=\"https:\/\/www.artkalia.com\/wp-content\/uploads\/sites\/39\/2016\/06\/I-Kubbia-1-300x195.png\" class=\"attachment-medium size-medium wp-post-image\" alt=\"\" srcset=\"https:\/\/www.artkalia.com\/wp-content\/uploads\/sites\/39\/2016\/06\/I-Kubbia-1-300x195.png 300w, https:\/\/www.artkalia.com\/wp-content\/uploads\/sites\/39\/2016\/06\/I-Kubbia-1.png 600w\" sizes=\"(max-width: 300px) 100vw, 300px\" \/>\t\t\t\t\t\t\t\t\t\t\t\t\t\t\t\t\t\t\t<\/a>\n\n\t\t\t\t\t\t\t\t\n\t\t\t\t\t\t\t<\/div>\n\n\t\t\t\t\t\t\n\t\t\t\t\t\t<div class=\"iw-so-article-content\">\n\n\t\t\t\t\t\t\t\n\t\t\t\t\t\t\t<h2 class=\"iw-so-article-title iw-text-center\">\n\t\t\t\t\t\t\t\t<a href=\"https:\/\/www.artkalia.com\/fr\/actualites\/personalisation-des-kubbia-pour-hartkins-theaters\/\">\t\t\t\t\t\t\t\t\tPERSONALISATION DES I-KUBBIA POUR HARTKINS THEATERS !\t\t\t\t\t\t\t\t<\/a>\t\t\t\t\t\t\t<\/h2>\n\n\t\t\t\t\t\t\t\n\t\t\t\t\t\t\t\t<p class=\"iw-so-article-byline-below iw-text-center\">\n\t\t\t\t\t\t\t\t\t 12 juin 2016\t\t\t\t\t\t\t\t<\/p>\n\n\t\t\t\t\t\t\t\n\t\t\t\t\t\t\t\n\t\t\t\t\t\t\t\t<p class=\"iw-so-article-excerpt iw-text-center\">\n\t\t\t\t\t\t\t\t\t\t\t\t\t\t\t\t\t\t\t<a href=\"https:\/\/www.artkalia.com\/fr\/actualites\/personalisation-des-kubbia-pour-hartkins-theaters\/\">\n\t\t\t\t\t\t\t\t\t\t\tArtkalia a repens\u00e9 et redessin\u00e9 le I-Kubbia pour les cin\u00e9mas am\u00e9ricains Harkins Theaters. Nous avons cr\u00e9\u00e9 un I-Kubbia unique...\t\t\t\t\t\t\t\t\t\t<\/a>\n\t\t\t\t\t\t\t\t\t\t\t\t\t\t\t\t\t<\/p>\n\n\t\t\t\t\t\t\t\n\t\t\t\t\t\t\t\n\t\t\t\t\t\t\t\n\t\t\t\t\t\t\t\t<div class=\"iw-so-article-button\">\n\t\t\t\t\t\t\t\t\t<a class=\"iw-so-article-btn iw-so-article-btn-hover iw-so-article-btn-click\" href=\"https:\/\/www.artkalia.com\/fr\/actualites\/personalisation-des-kubbia-pour-hartkins-theaters\/\">\n\t\t\t\t\t\t\t\t\t\tLire la suite\t\t\t\t\t\t\t\t\t<\/a>\n\t\t\t\t\t\t\t\t<\/div>\n\n\t\t\t\t\t\t\t\n\t\t\t\t\t\t<\/div>\n\n\t\t\t\t\t<\/div>\n\n\t\t\t\t\t\n\t\t\t\t\n\t\t\t\t\t<div class=\"iw-so-article iw-so-thumb-above iw-so-blog-three-column \">\n\n\t\t\t\t\t\t\n\t\t\t\t\t\t\t<div class=\"iw-so-article-thumb\">\n\n\t\t\t\t\t\t\t\t\n\t\t\t\t\t\t\t\t\t<a href=\"https:\/\/www.artkalia.com\/fr\/actualites\/hd-expo-2016-un-evenement-reussi\/\">\n\t\t\t\t\t\t\t\t\t\t<img loading=\"lazy\" decoding=\"async\" width=\"300\" height=\"195\" src=\"https:\/\/www.artkalia.com\/wp-content\/uploads\/sites\/39\/2016\/06\/Photo-2-bis-300x195.png\" class=\"attachment-medium size-medium wp-post-image\" alt=\"\" srcset=\"https:\/\/www.artkalia.com\/wp-content\/uploads\/sites\/39\/2016\/06\/Photo-2-bis-300x195.png 300w, https:\/\/www.artkalia.com\/wp-content\/uploads\/sites\/39\/2016\/06\/Photo-2-bis.png 600w\" sizes=\"(max-width: 300px) 100vw, 300px\" \/>\t\t\t\t\t\t\t\t\t\t\t\t\t\t\t\t\t\t\t<\/a>\n\n\t\t\t\t\t\t\t\t\n\t\t\t\t\t\t\t<\/div>\n\n\t\t\t\t\t\t\n\t\t\t\t\t\t<div class=\"iw-so-article-content\">\n\n\t\t\t\t\t\t\t\n\t\t\t\t\t\t\t<h2 class=\"iw-so-article-title iw-text-center\">\n\t\t\t\t\t\t\t\t<a href=\"https:\/\/www.artkalia.com\/fr\/actualites\/hd-expo-2016-un-evenement-reussi\/\">\t\t\t\t\t\t\t\t\tHD EXPO 2016 : UN EVENEMENT REUSSI !\t\t\t\t\t\t\t\t<\/a>\t\t\t\t\t\t\t<\/h2>\n\n\t\t\t\t\t\t\t\n\t\t\t\t\t\t\t\t<p class=\"iw-so-article-byline-below iw-text-center\">\n\t\t\t\t\t\t\t\t\t 1 juin 2016\t\t\t\t\t\t\t\t<\/p>\n\n\t\t\t\t\t\t\t\n\t\t\t\t\t\t\t\n\t\t\t\t\t\t\t\t<p class=\"iw-so-article-excerpt iw-text-center\">\n\t\t\t\t\t\t\t\t\t\t\t\t\t\t\t\t\t\t\t<a href=\"https:\/\/www.artkalia.com\/fr\/actualites\/hd-expo-2016-un-evenement-reussi\/\">\n\t\t\t\t\t\t\t\t\t\t\tArtkalia a d\u00e9voil\u00e9 sa nouvelle collection au HD Expo 2016 \u00e0 Las Vegas, un des plus grands salons professionnels...\t\t\t\t\t\t\t\t\t\t<\/a>\n\t\t\t\t\t\t\t\t\t\t\t\t\t\t\t\t\t<\/p>\n\n\t\t\t\t\t\t\t\n\t\t\t\t\t\t\t\n\t\t\t\t\t\t\t\n\t\t\t\t\t\t\t\t<div class=\"iw-so-article-button\">\n\t\t\t\t\t\t\t\t\t<a class=\"iw-so-article-btn iw-so-article-btn-hover iw-so-article-btn-click\" href=\"https:\/\/www.artkalia.com\/fr\/actualites\/hd-expo-2016-un-evenement-reussi\/\">\n\t\t\t\t\t\t\t\t\t\tLire la suite\t\t\t\t\t\t\t\t\t<\/a>\n\t\t\t\t\t\t\t\t<\/div>\n\n\t\t\t\t\t\t\t\n\t\t\t\t\t\t<\/div>\n\n\t\t\t\t\t<\/div>\n\n\t\t\t\t\t\n\t\t\t\t\n\t\t\t<\/div>\n\n\t\t\t\n\t\t\t\t\t<h3 class=\"screen-reader-text\">Posts Navigation<\/h3>\n\t\t\t<nav id='iw-so-blog-pagination' class=\"iw-so-blog-pagination iw-so-blog-prev-next iw-so-navi-btn iw-so-navi-btn-hover iw-so-navi-btn-click\" role=\"navigation\">\n\t\t\t\t<ul>\n\t\t\t\t\t<li class=\"iw-so-blog-previous\"><\/li>\n\t\t\t\t\t<li class=\"iw-so-blog-next\"><\/li>\n\t\t\t\t<\/ul>\n\t\t\t<\/nav>\n\t\t\n\t\t\n\t\n\t\t<\/div>\n\n\t<\/div>\n\n\n<\/div><\/div><\/div><\/div><\/div><\/div>","protected":false},"excerpt":{"rendered":"<p>Restez inform\u00e9s avec nos derni\u00e8res actus, \u00e9v\u00e9nements et avant-premi\u00e8re de collections. Restez dans la boucle pour avoir les derni\u00e8res tendances !<\/p>\n","protected":false},"author":7,"featured_media":0,"parent":0,"menu_order":0,"comment_status":"closed","ping_status":"closed","template":"template-fullwidth.php","meta":{"content-type":"","_monsterinsights_skip_tracking":false,"_monsterinsights_sitenote_active":false,"_monsterinsights_sitenote_note":"","_monsterinsights_sitenote_category":0,"jetpack_post_was_ever_published":false,"footnotes":""},"class_list":["post-1029","page","type-page","status-publish","hentry"],"yoast_head":"<!-- This site is optimized with the Yoast SEO plugin v27.3 - https:\/\/yoast.com\/product\/yoast-seo-wordpress\/ -->\n<title>ACTUALIT\u00c9S - Artkalia<\/title>\n<meta name=\"robots\" content=\"index, follow, max-snippet:-1, max-image-preview:large, max-video-preview:-1\" \/>\n<link rel=\"canonical\" href=\"https:\/\/www.artkalia.com\/fr\/actualites\/\" \/>\n<meta property=\"og:locale\" content=\"fr_FR\" \/>\n<meta property=\"og:type\" content=\"article\" \/>\n<meta property=\"og:title\" content=\"ACTUALIT\u00c9S - Artkalia\" \/>\n<meta property=\"og:description\" content=\"Restez inform\u00e9s avec nos derni\u00e8res actus, \u00e9v\u00e9nements et avant-premi\u00e8re de collections. Restez dans la boucle pour avoir les derni\u00e8res tendances !\" \/>\n<meta property=\"og:url\" content=\"https:\/\/www.artkalia.com\/fr\/actualites\/\" \/>\n<meta property=\"og:site_name\" content=\"Artkalia\" \/>\n<meta property=\"article:publisher\" content=\"https:\/\/www.facebook.com\/Artkalia-153361891354694\/\" \/>\n<meta property=\"article:modified_time\" content=\"2016-12-28T23:47:59+00:00\" \/>\n<meta name=\"twitter:card\" content=\"summary_large_image\" \/>\n<meta name=\"twitter:site\" content=\"@Artkalia_USA\" \/>\n<script type=\"application\/ld+json\" class=\"yoast-schema-graph\">{\"@context\":\"https:\\\/\\\/schema.org\",\"@graph\":[{\"@type\":\"WebPage\",\"@id\":\"https:\\\/\\\/www.artkalia.com\\\/fr\\\/actualites\\\/\",\"url\":\"https:\\\/\\\/www.artkalia.com\\\/fr\\\/actualites\\\/\",\"name\":\"ACTUALIT\u00c9S - Artkalia\",\"isPartOf\":{\"@id\":\"https:\\\/\\\/www.artkalia.com\\\/#website\"},\"datePublished\":\"2016-12-22T23:54:38+00:00\",\"dateModified\":\"2016-12-28T23:47:59+00:00\",\"breadcrumb\":{\"@id\":\"https:\\\/\\\/www.artkalia.com\\\/fr\\\/actualites\\\/#breadcrumb\"},\"inLanguage\":\"fr-FR\",\"potentialAction\":[{\"@type\":\"ReadAction\",\"target\":[\"https:\\\/\\\/www.artkalia.com\\\/fr\\\/actualites\\\/\"]}]},{\"@type\":\"BreadcrumbList\",\"@id\":\"https:\\\/\\\/www.artkalia.com\\\/fr\\\/actualites\\\/#breadcrumb\",\"itemListElement\":[{\"@type\":\"ListItem\",\"position\":1,\"name\":\"Accueil\",\"item\":\"https:\\\/\\\/www.artkalia.com\\\/fr\\\/\"},{\"@type\":\"ListItem\",\"position\":2,\"name\":\"ACTUALIT\u00c9S\"}]},{\"@type\":\"WebSite\",\"@id\":\"https:\\\/\\\/www.artkalia.com\\\/#website\",\"url\":\"https:\\\/\\\/www.artkalia.com\\\/\",\"name\":\"Artkalia\",\"description\":\"Artkalia\",\"publisher\":{\"@id\":\"https:\\\/\\\/www.artkalia.com\\\/#organization\"},\"potentialAction\":[{\"@type\":\"SearchAction\",\"target\":{\"@type\":\"EntryPoint\",\"urlTemplate\":\"https:\\\/\\\/www.artkalia.com\\\/?s={search_term_string}\"},\"query-input\":{\"@type\":\"PropertyValueSpecification\",\"valueRequired\":true,\"valueName\":\"search_term_string\"}}],\"inLanguage\":\"fr-FR\"},{\"@type\":\"Organization\",\"@id\":\"https:\\\/\\\/www.artkalia.com\\\/#organization\",\"name\":\"Artkalia\",\"url\":\"https:\\\/\\\/www.artkalia.com\\\/\",\"logo\":{\"@type\":\"ImageObject\",\"inLanguage\":\"fr-FR\",\"@id\":\"https:\\\/\\\/www.artkalia.com\\\/#\\\/schema\\\/logo\\\/image\\\/\",\"url\":\"https:\\\/\\\/www.artkalia.com\\\/wp-content\\\/uploads\\\/sites\\\/39\\\/2016\\\/05\\\/artkalia-construction-page.gif\",\"contentUrl\":\"https:\\\/\\\/www.artkalia.com\\\/wp-content\\\/uploads\\\/sites\\\/39\\\/2016\\\/05\\\/artkalia-construction-page.gif\",\"width\":630,\"height\":282,\"caption\":\"Artkalia\"},\"image\":{\"@id\":\"https:\\\/\\\/www.artkalia.com\\\/#\\\/schema\\\/logo\\\/image\\\/\"},\"sameAs\":[\"https:\\\/\\\/www.facebook.com\\\/Artkalia-153361891354694\\\/\",\"https:\\\/\\\/x.com\\\/Artkalia_USA\"]}]}<\/script>\n<!-- \/ Yoast SEO plugin. -->","yoast_head_json":{"title":"ACTUALIT\u00c9S - Artkalia","robots":{"index":"index","follow":"follow","max-snippet":"max-snippet:-1","max-image-preview":"max-image-preview:large","max-video-preview":"max-video-preview:-1"},"canonical":"https:\/\/www.artkalia.com\/fr\/actualites\/","og_locale":"fr_FR","og_type":"article","og_title":"ACTUALIT\u00c9S - Artkalia","og_description":"Restez inform\u00e9s avec nos derni\u00e8res actus, \u00e9v\u00e9nements et avant-premi\u00e8re de collections. Restez dans la boucle pour avoir les derni\u00e8res tendances !","og_url":"https:\/\/www.artkalia.com\/fr\/actualites\/","og_site_name":"Artkalia","article_publisher":"https:\/\/www.facebook.com\/Artkalia-153361891354694\/","article_modified_time":"2016-12-28T23:47:59+00:00","twitter_card":"summary_large_image","twitter_site":"@Artkalia_USA","schema":{"@context":"https:\/\/schema.org","@graph":[{"@type":"WebPage","@id":"https:\/\/www.artkalia.com\/fr\/actualites\/","url":"https:\/\/www.artkalia.com\/fr\/actualites\/","name":"ACTUALIT\u00c9S - Artkalia","isPartOf":{"@id":"https:\/\/www.artkalia.com\/#website"},"datePublished":"2016-12-22T23:54:38+00:00","dateModified":"2016-12-28T23:47:59+00:00","breadcrumb":{"@id":"https:\/\/www.artkalia.com\/fr\/actualites\/#breadcrumb"},"inLanguage":"fr-FR","potentialAction":[{"@type":"ReadAction","target":["https:\/\/www.artkalia.com\/fr\/actualites\/"]}]},{"@type":"BreadcrumbList","@id":"https:\/\/www.artkalia.com\/fr\/actualites\/#breadcrumb","itemListElement":[{"@type":"ListItem","position":1,"name":"Accueil","item":"https:\/\/www.artkalia.com\/fr\/"},{"@type":"ListItem","position":2,"name":"ACTUALIT\u00c9S"}]},{"@type":"WebSite","@id":"https:\/\/www.artkalia.com\/#website","url":"https:\/\/www.artkalia.com\/","name":"Artkalia","description":"Artkalia","publisher":{"@id":"https:\/\/www.artkalia.com\/#organization"},"potentialAction":[{"@type":"SearchAction","target":{"@type":"EntryPoint","urlTemplate":"https:\/\/www.artkalia.com\/?s={search_term_string}"},"query-input":{"@type":"PropertyValueSpecification","valueRequired":true,"valueName":"search_term_string"}}],"inLanguage":"fr-FR"},{"@type":"Organization","@id":"https:\/\/www.artkalia.com\/#organization","name":"Artkalia","url":"https:\/\/www.artkalia.com\/","logo":{"@type":"ImageObject","inLanguage":"fr-FR","@id":"https:\/\/www.artkalia.com\/#\/schema\/logo\/image\/","url":"https:\/\/www.artkalia.com\/wp-content\/uploads\/sites\/39\/2016\/05\/artkalia-construction-page.gif","contentUrl":"https:\/\/www.artkalia.com\/wp-content\/uploads\/sites\/39\/2016\/05\/artkalia-construction-page.gif","width":630,"height":282,"caption":"Artkalia"},"image":{"@id":"https:\/\/www.artkalia.com\/#\/schema\/logo\/image\/"},"sameAs":["https:\/\/www.facebook.com\/Artkalia-153361891354694\/","https:\/\/x.com\/Artkalia_USA"]}]}},"jetpack_shortlink":"https:\/\/wp.me\/P7B1gr-gB","jetpack_sharing_enabled":true,"_links":{"self":[{"href":"https:\/\/www.artkalia.com\/fr\/wp-json\/wp\/v2\/pages\/1029","targetHints":{"allow":["GET"]}}],"collection":[{"href":"https:\/\/www.artkalia.com\/fr\/wp-json\/wp\/v2\/pages"}],"about":[{"href":"https:\/\/www.artkalia.com\/fr\/wp-json\/wp\/v2\/types\/page"}],"author":[{"embeddable":true,"href":"https:\/\/www.artkalia.com\/fr\/wp-json\/wp\/v2\/users\/7"}],"replies":[{"embeddable":true,"href":"https:\/\/www.artkalia.com\/fr\/wp-json\/wp\/v2\/comments?post=1029"}],"version-history":[{"count":0,"href":"https:\/\/www.artkalia.com\/fr\/wp-json\/wp\/v2\/pages\/1029\/revisions"}],"wp:attachment":[{"href":"https:\/\/www.artkalia.com\/fr\/wp-json\/wp\/v2\/media?parent=1029"}],"curies":[{"name":"wp","href":"https:\/\/api.w.org\/{rel}","templated":true}]}}